{"id":8159,"date":"2025-05-29T11:23:05","date_gmt":"2025-05-29T11:23:05","guid":{"rendered":"https:\/\/jaimecampina.es\/inicio\/?page_id=8159"},"modified":"2025-10-01T14:32:07","modified_gmt":"2025-10-01T14:32:07","slug":"moeve-2aoleada","status":"publish","type":"page","link":"https:\/\/jaimecampina.es\/inicio\/moeve-2aoleada\/","title":{"rendered":"MOEVE 2\u00aaOleada"},"content":{"rendered":"\n<h2 class=\"wp-block-gutenverse-heading guten-element guten-cvBOtl\">Dinos<\/h2>\n\n\n\n<p class=\"has-zeever-primary-color has-text-color has-link-color has-small-font-size wp-elements-8f41d917a8f7abe398e4d0b8551c7fe7\"><strong>Soporte: <\/strong>Spots 20&#8243;, Mupis, DOOH,  Digital.<\/p>\n\n\n\n<p class=\"has-zeever-primary-color has-text-color has-link-color has-small-font-size wp-elements-58f9ffca9504cf8c0eb193bc34c062ce\"><strong>Descripci\u00f3n:<\/strong> Campa\u00f1a de continuidad de cambio de marca. Son piezas con las RTBs (Reasons To Beliebe) de cada uno de los canales de cambio: Transporte por carretera, Transporte pesado, Aviaci\u00f3n y Movilidad con recarga rapida.<\/p>\n\n\n\n<p class=\"has-zeever-primary-color has-text-color has-link-color has-small-font-size wp-elements-5ae5628fb6cc228cabc2205c8bb9c2f5\"><strong>Agencia:<\/strong> Publicis Espa\u00f1a<\/p>\n\n\n\n<p class=\"has-zeever-primary-color has-text-color has-link-color has-small-font-size wp-elements-0563cb5d8d75e3704ef6d8dda69803e0\"><strong>Productora: <\/strong>Bambina<\/p>\n\n\n\n<p class=\"has-zeever-primary-color has-text-color has-link-color has-small-font-size wp-elements-dbf9f2883c7325bd181a9b9d409e0cf7\"><strong>Realizador: <\/strong>Gabe Iba\u00f1ez<\/p>\n\n\n\n<p class=\"has-zeever-primary-color has-text-color has-link-color wp-elements-efd1dfe8e5b85ab8a377eb5680a3ed7b\"><strong>Fot\u00f3grafo: <\/strong>Pep \u00c1vila<\/p>\n\n\n\n<div class=\"guten-element guten-spacer guten-nGB2Xt\"><\/div>\n\n\n\n<figure class=\"guten-element guten-video guten-TgIqPC\"><div class=\"guten-video-wrapper\" data-property=\"{&quot;url&quot;:&quot;https:\/\/vimeo.com\/1089045239&quot;,&quot;class&quot;:&quot;guten-video-background&quot;,&quot;width&quot;:&quot;100%&quot;,&quot;height&quot;:&quot;690px&quot;,&quot;controls&quot;:true,&quot;playsinline&quot;:true,&quot;style&quot;:{},&quot;config&quot;:{&quot;youtube&quot;:{&quot;playerVars&quot;:{}}}}\"><\/div><\/figure>\n\n\n\n<figure class=\"guten-element guten-video guten-lkZDxp\"><div class=\"guten-video-wrapper\" data-property=\"{&quot;url&quot;:&quot;https:\/\/vimeo.com\/1089045214&quot;,&quot;class&quot;:&quot;guten-video-background&quot;,&quot;width&quot;:&quot;100%&quot;,&quot;height&quot;:&quot;690px&quot;,&quot;controls&quot;:true,&quot;playsinline&quot;:true,&quot;style&quot;:{},&quot;config&quot;:{&quot;youtube&quot;:{&quot;playerVars&quot;:{}}}}\"><\/div><\/figure>\n\n\n\n<figure class=\"guten-element guten-video guten-TgIqPC\"><div class=\"guten-video-wrapper\" data-property=\"{&quot;url&quot;:&quot;https:\/\/vimeo.com\/1123578262?fl=pl&amp;fe=sh#t=10s&quot;,&quot;class&quot;:&quot;guten-video-background&quot;,&quot;width&quot;:&quot;100%&quot;,&quot;height&quot;:&quot;690px&quot;,&quot;controls&quot;:true,&quot;playsinline&quot;:true,&quot;style&quot;:{},&quot;config&quot;:{&quot;youtube&quot;:{&quot;playerVars&quot;:{}}}}\"><\/div><\/figure>\n\n\n\n<div class=\"guten-element guten-spacer guten-5UF5tD\"><\/div>\n\n\n\n<div class=\"guten-element guten-gallery guten-ZAnjkK layout-overlay grid-desktop-3 grid-tablet-2 grid-mobile-2\" data-grid=\"grid\"><div class=\"gutenverse-popup-gallery hidden\"><div class=\"gallery-header\"><div class=\"left-header\"><\/div><div class=\"right-header\"><svg xmlns=\"http:\/\/www.w3.org\/2000\/svg\" width=\"24\" height=\"24\" viewBox=\"0 0 24 24\" fill=\"none\" stroke=\"currentColor\" stroke-width=\"2\" stroke-linecap=\"round\" stroke-linejoin=\"round\" class=\"icon-fullscreen\"><path d=\"M8 3H5a2 2 0 0 0-2 2v3m18 0V5a2 2 0 0 0-2-2h-3m0 18h3a2 2 0 0 0 2-2v-3M3 16v3a2 2 0 0 0 2 2h3\"><\/path><\/svg><svg xmlns=\"http:\/\/www.w3.org\/2000\/svg\" width=\"24\" height=\"24\" viewBox=\"0 0 24 24\" fill=\"none\" stroke=\"currentColor\" stroke-width=\"2\" stroke-linecap=\"round\" stroke-linejoin=\"round\" class=\"icon-minimize hidden\"><path d=\"M8 3v3a2 2 0 0 1-2 2H3m18 0h-3a2 2 0 0 1-2-2V3m0 18v-3a2 2 0 0 1 2-2h3M3 16h3a2 2 0 0 1 2 2v3\"><\/path><\/svg><svg xmlns=\"http:\/\/www.w3.org\/2000\/svg\" width=\"24\" height=\"24\" viewBox=\"0 0 24 24\" fill=\"none\" stroke=\"currentColor\" stroke-width=\"2\" stroke-linecap=\"round\" stroke-linejoin=\"round\" class=\"icon-zoom\"><circle cx=\"11\" cy=\"11\" r=\"8\"><\/circle><line x1=\"21\" y1=\"21\" x2=\"16.65\" y2=\"16.65\"><\/line><line x1=\"11\" y1=\"8\" x2=\"11\" y2=\"14\"><\/line><line x1=\"8\" y1=\"11\" x2=\"14\" y2=\"11\"><\/line><\/svg><svg xmlns=\"http:\/\/www.w3.org\/2000\/svg\" width=\"24\" height=\"24\" viewBox=\"0 0 24 24\" fill=\"none\" stroke=\"currentColor\" stroke-width=\"2\" stroke-linecap=\"round\" stroke-linejoin=\"round\" class=\"icon-close\"><line x1=\"18\" y1=\"6\" x2=\"6\" y2=\"18\"><\/line><line x1=\"6\" y1=\"6\" x2=\"18\" y2=\"18\"><\/line><\/svg><\/div><\/div><div class=\"gallery-body\"><div class=\"images\"><div id=\"guten-ZAnjkK\" class=\"swiper-container\"><div class=\"swiper-wrapper\"><div class=\"swiper-slide image-list\" data-filter=\"Marquesina 1\" data-title=\"Marquesina 1\"><div class=\"content-image swiper-zoom-container\"><img decoding=\"async\" class=\"main-image\" src=\"https:\/\/jaimecampina.es\/wp-content\/uploads\/2025\/05\/Mock_up_Moeve_5.jpg\" alt=\"Marquesina 1\"\/><\/div><\/div><div class=\"swiper-slide image-list\" data-filter=\"Marquesina 2\" data-title=\"Marquesina 2\"><div class=\"content-image swiper-zoom-container\"><img decoding=\"async\" class=\"main-image\" src=\"https:\/\/jaimecampina.es\/wp-content\/uploads\/2025\/05\/anuncio-en-blanco-en-el-sendero-con-semaforos-borrosos-en-la-noche.jpg\" alt=\"Marquesina 2\"\/><\/div><\/div><div class=\"swiper-slide image-list\" data-filter=\"Marquesina 3\" data-title=\"Marquesina 3\"><div class=\"content-image swiper-zoom-container\"><img decoding=\"async\" class=\"main-image\" src=\"https:\/\/jaimecampina.es\/wp-content\/uploads\/2025\/05\/difundir-la-bondad-no-el-odio-anti-bullying-cartel-de-neon-en-la-ciudad.jpg\" alt=\"Marquesina 3\"\/><\/div><\/div><\/div><div class=\"swiper-button-prev\"><\/div><div class=\"swiper-button-next\"><\/div><\/div><\/div><\/div><\/div><div class=\"gallery-items\" data-loaded=\"12\" data-more=\"2\" data-max=\"3\"><div class=\"gallery-item-wrap \" data-index=\"0\" data-control=\"Marquesina 1\"><div class=\"grid-item\"><div class=\"thumbnail-wrap\"><img decoding=\"async\" src=\"https:\/\/jaimecampina.es\/wp-content\/uploads\/2025\/05\/Mock_up_Moeve_5.jpg\" alt=\"Marquesina 1\"\/><div class=\"caption-wrap style-overlay overlay-overlay animated fade-in\"><div class=\"item-hover-bg\"><\/div><div class=\"item-caption-over\"><h5 class=\"item-title\">Marquesina 1<\/h5><div class=\"item-content\"><\/div><div class=\"item-buttons\"><\/div><\/div><div class=\"caption-head\"><\/div><\/div><\/div><\/div><\/div><div class=\"gallery-item-wrap \" data-index=\"1\" data-control=\"Marquesina 2\"><div class=\"grid-item\"><div class=\"thumbnail-wrap\"><img decoding=\"async\" src=\"https:\/\/jaimecampina.es\/wp-content\/uploads\/2025\/05\/anuncio-en-blanco-en-el-sendero-con-semaforos-borrosos-en-la-noche.jpg\" alt=\"Marquesina 2\"\/><div class=\"caption-wrap style-overlay overlay-overlay animated fade-in\"><div class=\"item-hover-bg\"><\/div><div class=\"item-caption-over\"><h5 class=\"item-title\">Marquesina 2<\/h5><div class=\"item-content\"><\/div><div class=\"item-buttons\"><\/div><\/div><div class=\"caption-head\"><\/div><\/div><\/div><\/div><\/div><div class=\"gallery-item-wrap \" data-index=\"2\" data-control=\"Marquesina 3\"><div class=\"grid-item\"><div class=\"thumbnail-wrap\"><img decoding=\"async\" src=\"https:\/\/jaimecampina.es\/wp-content\/uploads\/2025\/05\/difundir-la-bondad-no-el-odio-anti-bullying-cartel-de-neon-en-la-ciudad.jpg\" alt=\"Marquesina 3\"\/><div class=\"caption-wrap style-overlay overlay-overlay animated fade-in\"><div class=\"item-hover-bg\"><\/div><div class=\"item-caption-over\"><h5 class=\"item-title\">Marquesina 3<\/h5><div class=\"item-content\"><\/div><div class=\"item-buttons\"><\/div><\/div><div class=\"caption-head\"><\/div><\/div><\/div><\/div><\/div><\/div><\/div>\n","protected":false},"excerpt":{"rendered":"<p>Soporte: Spots 20&#8243;, Mupis, DOOH, Digital. Descripci\u00f3n: Campa\u00f1a de continuidad de cambio de marca. Son piezas con las RTBs (Reasons To Beliebe) de cada uno de los canales de cambio: Transporte por carretera, Transporte pesado, Aviaci\u00f3n y Movilidad con recarga rapida. Agencia: Publicis Espa\u00f1a Productora: Bambina Realizador: Gabe Iba\u00f1ez Fot\u00f3grafo: Pep \u00c1vila<\/p>\n","protected":false},"author":1,"featured_media":0,"parent":0,"menu_order":0,"comment_status":"closed","ping_status":"closed","template":"","meta":{"_uag_custom_page_level_css":"","footnotes":""},"class_list":["post-8159","page","type-page","status-publish","hentry"],"uagb_featured_image_src":{"full":false,"thumbnail":false,"medium":false,"medium_large":false,"large":false,"1536x1536":false,"2048x2048":false},"uagb_author_info":{"display_name":"jaimecampina","author_link":"https:\/\/jaimecampina.es\/inicio\/author\/jaimecampina\/"},"uagb_comment_info":0,"uagb_excerpt":"Soporte: Spots 20&#8243;, Mupis, DOOH, Digital. Descripci\u00f3n: Campa\u00f1a de continuidad de cambio de marca. Son piezas con las RTBs (Reasons To Beliebe) de cada uno de los canales de cambio: Transporte por carretera, Transporte pesado, Aviaci\u00f3n y Movilidad con recarga rapida. Agencia: Publicis Espa\u00f1a Productora: Bambina Realizador: Gabe Iba\u00f1ez Fot\u00f3grafo: Pep \u00c1vila","_links":{"self":[{"href":"https:\/\/jaimecampina.es\/inicio\/wp-json\/wp\/v2\/pages\/8159","targetHints":{"allow":["GET"]}}],"collection":[{"href":"https:\/\/jaimecampina.es\/inicio\/wp-json\/wp\/v2\/pages"}],"about":[{"href":"https:\/\/jaimecampina.es\/inicio\/wp-json\/wp\/v2\/types\/page"}],"author":[{"embeddable":true,"href":"https:\/\/jaimecampina.es\/inicio\/wp-json\/wp\/v2\/users\/1"}],"replies":[{"embeddable":true,"href":"https:\/\/jaimecampina.es\/inicio\/wp-json\/wp\/v2\/comments?post=8159"}],"version-history":[{"count":10,"href":"https:\/\/jaimecampina.es\/inicio\/wp-json\/wp\/v2\/pages\/8159\/revisions"}],"predecessor-version":[{"id":8203,"href":"https:\/\/jaimecampina.es\/inicio\/wp-json\/wp\/v2\/pages\/8159\/revisions\/8203"}],"wp:attachment":[{"href":"https:\/\/jaimecampina.es\/inicio\/wp-json\/wp\/v2\/media?parent=8159"}],"curies":[{"name":"wp","href":"https:\/\/api.w.org\/{rel}","templated":true}]}}