{"id":734,"date":"2016-01-19T09:24:14","date_gmt":"2016-01-19T09:24:14","guid":{"rendered":"http:\/\/jaimecampina.es\/inicio\/?page_id=734"},"modified":"2026-01-24T20:32:15","modified_gmt":"2026-01-24T20:32:15","slug":"6-2","status":"publish","type":"page","link":"https:\/\/jaimecampina.es\/inicio\/6-2\/","title":{"rendered":"MibIII"},"content":{"rendered":"\n<h2 class=\"wp-block-gutenverse-heading guten-element guten-yehXBN\">Sony Pictures<\/h2>\n\n\n\n<p class=\"has-small-font-size\">Soporte: Rakuten TV (alquiler&nbsp;de pel\u00edculas online).<\/p>\n\n\n\n<p class=\"has-small-font-size\">Descripci\u00f3n: Campa\u00f1a de lanzamiento de la pel\u00edcula \u201cMen in Black III\u201d. Cuando un usuario comenzaba a ver una pelicula de Sony Pictures alquilada en en la plataforma Rakuten TV&nbsp;(en este caso la pel\u00edcula \u201c21 Black Jack\u201d) suced\u00eda algo inesperado.<\/p>\n\n\n\n<p class=\"has-small-font-size\">Agencia: Publicis<\/p>\n\n\n\n<div class=\"guten-element guten-spacer guten-vCK6OZ\"><\/div>\n\n\n\n<div class=\"wp-block-gutenverse-image guten-element guten-image guten-qHwODf\"><div class=\"guten-image-wrapper\"><img decoding=\"async\" class=\"gutenverse-image-box-filled\" src=\"http:\/\/jaimecampina.es\/wp-content\/uploads\/2018\/01\/Macbook-Pro-iMac-Mockup-Template.jpg\" height=\"744\" width=\"1600\"\/><\/div><\/div>\n\n\n\n<div class=\"guten-element guten-spacer guten-ZWGAL8\"><\/div>\n\n\n\n<figure class=\"guten-element guten-video guten-9WrAsR\"><div class=\"guten-video-wrapper\" data-property=\"{&quot;url&quot;:&quot;https:\/\/vimeo.com\/139444290&quot;,&quot;class&quot;:&quot;guten-video-background&quot;,&quot;width&quot;:&quot;100%&quot;,&quot;height&quot;:&quot;660px&quot;,&quot;controls&quot;:true,&quot;playsinline&quot;:true,&quot;style&quot;:{},&quot;config&quot;:{&quot;youtube&quot;:{&quot;playerVars&quot;:{}}}}\"><\/div><\/figure>\n","protected":false},"excerpt":{"rendered":"<p>Soporte: Rakuten TV (alquiler&nbsp;de pel\u00edculas online). Descripci\u00f3n: Campa\u00f1a de lanzamiento de la pel\u00edcula \u201cMen in Black III\u201d. Cuando un usuario comenzaba a ver una pelicula de Sony Pictures alquilada en en la plataforma Rakuten TV&nbsp;(en este caso la pel\u00edcula \u201c21 Black Jack\u201d) suced\u00eda algo inesperado. Agencia: Publicis<\/p>\n","protected":false},"author":1,"featured_media":0,"parent":0,"menu_order":0,"comment_status":"closed","ping_status":"closed","template":"","meta":{"_uag_custom_page_level_css":"","footnotes":""},"class_list":["post-734","page","type-page","status-publish","hentry"],"uagb_featured_image_src":{"full":false,"thumbnail":false,"medium":false,"medium_large":false,"large":false,"1536x1536":false,"2048x2048":false},"uagb_author_info":{"display_name":"jaimecampina","author_link":"https:\/\/jaimecampina.es\/inicio\/author\/jaimecampina\/"},"uagb_comment_info":0,"uagb_excerpt":"Soporte: Rakuten TV (alquiler&nbsp;de pel\u00edculas online). Descripci\u00f3n: Campa\u00f1a de lanzamiento de la pel\u00edcula \u201cMen in Black III\u201d. Cuando un usuario comenzaba a ver una pelicula de Sony Pictures alquilada en en la plataforma Rakuten TV&nbsp;(en este caso la pel\u00edcula \u201c21 Black Jack\u201d) suced\u00eda algo inesperado. Agencia: Publicis","_links":{"self":[{"href":"https:\/\/jaimecampina.es\/inicio\/wp-json\/wp\/v2\/pages\/734","targetHints":{"allow":["GET"]}}],"collection":[{"href":"https:\/\/jaimecampina.es\/inicio\/wp-json\/wp\/v2\/pages"}],"about":[{"href":"https:\/\/jaimecampina.es\/inicio\/wp-json\/wp\/v2\/types\/page"}],"author":[{"embeddable":true,"href":"https:\/\/jaimecampina.es\/inicio\/wp-json\/wp\/v2\/users\/1"}],"replies":[{"embeddable":true,"href":"https:\/\/jaimecampina.es\/inicio\/wp-json\/wp\/v2\/comments?post=734"}],"version-history":[{"count":46,"href":"https:\/\/jaimecampina.es\/inicio\/wp-json\/wp\/v2\/pages\/734\/revisions"}],"predecessor-version":[{"id":8313,"href":"https:\/\/jaimecampina.es\/inicio\/wp-json\/wp\/v2\/pages\/734\/revisions\/8313"}],"wp:attachment":[{"href":"https:\/\/jaimecampina.es\/inicio\/wp-json\/wp\/v2\/media?parent=734"}],"curies":[{"name":"wp","href":"https:\/\/api.w.org\/{rel}","templated":true}]}}