{"id":6015,"date":"2023-02-09T23:05:24","date_gmt":"2023-02-09T23:05:24","guid":{"rendered":"https:\/\/jaimecampina.es\/inicio\/?page_id=6015"},"modified":"2024-07-06T13:37:52","modified_gmt":"2024-07-06T13:37:52","slug":"quizas-tu","status":"publish","type":"page","link":"https:\/\/jaimecampina.es\/inicio\/quizas-tu\/","title":{"rendered":"Tu proyecto"},"content":{"rendered":"\n<h2 class=\"wp-block-heading has-zeever-primary-color has-text-color has-extra-large-font-size\" style=\"font-style:normal;font-weight:400\">Espacio reservado para vosotros<\/h2>\n\n\n\n<p class=\"has-small-font-size\">Descripci\u00f3n: Este espacio est\u00e1 reservado para vuestra marca. Para que entre vosotros y yo podamos llevar a cabo proyectos que hagan vender m\u00e1s. Contacta conmigo cuando quieras y podremos llevarlo a cabo juntos.<\/p>\n\n\n\n<div class=\"section-wrapper\" data-id=\"3HJ3VY\"><section class=\"wp-block-gutenverse-section guten-element guten-section guten-3HJ3VY layout-boxed align-stretch\"><div class=\"guten-background-overlay\"><\/div><div class=\"guten-shape-divider guten-shape-divider-top\"><\/div><div class=\"guten-shape-divider guten-shape-divider-bottom\"><\/div><div class=\"guten-container guten-column-gap-default\">\n<div class=\"wp-block-gutenverse-column guten-element guten-column guten-hE1Dty\"><div class=\"guten-background-overlay\"><\/div><div class=\"sticky-wrapper\" data-id=\"hE1Dty\"><div class=\"guten-column-wrapper\">\n<div class=\"section-wrapper\" data-id=\"vHS8Hx\"><section class=\"wp-block-gutenverse-section guten-element guten-section guten-vHS8Hx layout-boxed align-stretch\"><div class=\"guten-background-overlay\"><\/div><div class=\"guten-shape-divider guten-shape-divider-top\"><\/div><div class=\"guten-shape-divider guten-shape-divider-bottom\"><\/div><div class=\"guten-container guten-column-gap-default\">\n<div class=\"wp-block-gutenverse-column guten-element guten-column guten-WhVrz3\"><div class=\"guten-background-overlay\"><\/div><div class=\"sticky-wrapper\" data-id=\"WhVrz3\"><div class=\"guten-column-wrapper\">\n<div class=\"guten-element guten-spacer guten-Lq3LQI\"><\/div>\n\n\n\n<div class=\"guten-element guten-button-wrapper guten-jVXqnM\"><a class=\"guten-button guten-button-sm\" href=\"https:\/\/jaimecampina.es\/inicio\/contacto\/\"><span>Contacta<\/span><\/a><\/div>\n<\/div><\/div><\/div>\n<\/div><\/section><\/div>\n\n\n\n<div class=\"guten-element guten-spacer guten-BMWwCY\"><\/div>\n\n\n\n<div class=\"section-wrapper\" data-id=\"gVbksZ\"><section class=\"wp-block-gutenverse-section guten-element guten-section guten-gVbksZ layout-boxed align-stretch\"><div class=\"guten-background-overlay\"><\/div><div class=\"guten-shape-divider guten-shape-divider-top\"><\/div><div class=\"guten-shape-divider guten-shape-divider-bottom\"><\/div><div class=\"guten-container guten-column-gap-default\">\n<div class=\"wp-block-gutenverse-column guten-element guten-column guten-n9Rtlz\"><div class=\"guten-background-overlay\"><\/div><div class=\"sticky-wrapper\" data-id=\"n9Rtlz\"><div class=\"guten-column-wrapper\">\n<div class=\"wp-block-gutenverse-image guten-element guten-image guten-xJQhO1\"><a class=\"guten-image-wrapper\"><img decoding=\"async\" class=\"gutenverse-image-box-filled\" src=\"https:\/\/jaimecampina.es\/wp-content\/uploads\/2023\/02\/pantalla_tuya.jpg\" height=\"1285\" width=\"2235\"\/><\/a><\/div>\n<\/div><\/div><\/div>\n<\/div><\/section><\/div>\n\n\n\n<div class=\"guten-element guten-gallery guten-Pe9eID layout-overlay grid-desktop-3 grid-tablet-2 grid-mobile-2\" data-grid=\"grid\"><div class=\"gutenverse-popup-gallery hidden\"><div class=\"gallery-header\"><div class=\"left-header\"><\/div><div class=\"right-header\"><svg xmlns=\"http:\/\/www.w3.org\/2000\/svg\" width=\"24\" height=\"24\" viewBox=\"0 0 24 24\" fill=\"none\" stroke=\"currentColor\" stroke-width=\"2\" stroke-linecap=\"round\" stroke-linejoin=\"round\" class=\"icon-fullscreen\"><path d=\"M8 3H5a2 2 0 0 0-2 2v3m18 0V5a2 2 0 0 0-2-2h-3m0 18h3a2 2 0 0 0 2-2v-3M3 16v3a2 2 0 0 0 2 2h3\"><\/path><\/svg><svg xmlns=\"http:\/\/www.w3.org\/2000\/svg\" width=\"24\" height=\"24\" viewBox=\"0 0 24 24\" fill=\"none\" stroke=\"currentColor\" stroke-width=\"2\" stroke-linecap=\"round\" stroke-linejoin=\"round\" class=\"icon-minimize hidden\"><path d=\"M8 3v3a2 2 0 0 1-2 2H3m18 0h-3a2 2 0 0 1-2-2V3m0 18v-3a2 2 0 0 1 2-2h3M3 16h3a2 2 0 0 1 2 2v3\"><\/path><\/svg><svg xmlns=\"http:\/\/www.w3.org\/2000\/svg\" width=\"24\" height=\"24\" viewBox=\"0 0 24 24\" fill=\"none\" stroke=\"currentColor\" stroke-width=\"2\" stroke-linecap=\"round\" stroke-linejoin=\"round\" class=\"icon-zoom\"><circle cx=\"11\" cy=\"11\" r=\"8\"><\/circle><line x1=\"21\" y1=\"21\" x2=\"16.65\" y2=\"16.65\"><\/line><line x1=\"11\" y1=\"8\" x2=\"11\" y2=\"14\"><\/line><line x1=\"8\" y1=\"11\" x2=\"14\" y2=\"11\"><\/line><\/svg><svg xmlns=\"http:\/\/www.w3.org\/2000\/svg\" width=\"24\" height=\"24\" viewBox=\"0 0 24 24\" fill=\"none\" stroke=\"currentColor\" stroke-width=\"2\" stroke-linecap=\"round\" stroke-linejoin=\"round\" class=\"icon-close\"><line x1=\"18\" y1=\"6\" x2=\"6\" y2=\"18\"><\/line><line x1=\"6\" y1=\"6\" x2=\"18\" y2=\"18\"><\/line><\/svg><\/div><\/div><div class=\"gallery-body\"><div class=\"images\"><div id=\"guten-Pe9eID\" class=\"swiper-container\"><div class=\"swiper-wrapper\"><div class=\"swiper-slide image-list\"><div class=\"content-image swiper-zoom-container\"><img decoding=\"async\" class=\"main-image\" src=\"https:\/\/jaimecampina.es\/wp-content\/uploads\/2023\/02\/grafica_tuya.jpg\" alt=\"P\u00e1gina de Prensa\"\/><\/div><\/div><div class=\"swiper-slide image-list\"><div class=\"content-image swiper-zoom-container\"><img decoding=\"async\" class=\"main-image\" src=\"https:\/\/jaimecampina.es\/wp-content\/uploads\/2023\/02\/grafica_tuya.jpg\" alt=\"Pieza Digital\"\/><\/div><\/div><div class=\"swiper-slide image-list\"><div class=\"content-image swiper-zoom-container\"><img decoding=\"async\" class=\"main-image\" src=\"https:\/\/jaimecampina.es\/wp-content\/uploads\/2023\/02\/grafica_tuya.jpg\" alt=\"Pieza Marketing Directo\"\/><\/div><\/div><\/div><div class=\"swiper-button-prev\"><\/div><div class=\"swiper-button-next\"><\/div><\/div><\/div><\/div><\/div><div class=\"gallery-items\" data-loaded=\"6\" data-max=\"3\"><div class=\"gallery-item-wrap \" data-index=\"0\" data-control=\"Two\"><div class=\"grid-item\"><div class=\"thumbnail-wrap\"><img decoding=\"async\" src=\"https:\/\/jaimecampina.es\/wp-content\/uploads\/2023\/02\/grafica_tuya.jpg\" alt=\"P\u00e1gina de Prensa\"\/><div class=\"caption-wrap style-overlay overlay-overlay animated fade-in\"><div class=\"item-hover-bg\"><\/div><div class=\"item-caption-over\"><h5 class=\"item-title\">P\u00e1gina de Prensa<\/h5><div class=\"item-content\"><\/div><div class=\"item-buttons\"><div class=\"gallery-link zoom\"><span class=\"item-icon-inner\"><i class=\"fas fa-search-plus\" aria-hidden=\"true\"><\/i><\/span><\/div><\/div><\/div><div class=\"caption-head\"><\/div><\/div><\/div><\/div><\/div><div class=\"gallery-item-wrap \" data-index=\"1\" data-control=\"Two\"><div class=\"grid-item\"><div class=\"thumbnail-wrap\"><img decoding=\"async\" src=\"https:\/\/jaimecampina.es\/wp-content\/uploads\/2023\/02\/grafica_tuya.jpg\" alt=\"Pieza Digital\"\/><div class=\"caption-wrap style-overlay overlay-overlay animated fade-in\"><div class=\"item-hover-bg\"><\/div><div class=\"item-caption-over\"><h5 class=\"item-title\">Pieza Digital<\/h5><div class=\"item-content\"><\/div><div class=\"item-buttons\"><div class=\"gallery-link zoom\"><span class=\"item-icon-inner\"><i class=\"fas fa-search-plus\" aria-hidden=\"true\"><\/i><\/span><\/div><\/div><\/div><div class=\"caption-head\"><\/div><\/div><\/div><\/div><\/div><div class=\"gallery-item-wrap \" data-index=\"2\" data-control=\"Two\"><div class=\"grid-item\"><div class=\"thumbnail-wrap\"><img decoding=\"async\" src=\"https:\/\/jaimecampina.es\/wp-content\/uploads\/2023\/02\/grafica_tuya.jpg\" alt=\"Pieza Marketing Directo\"\/><div class=\"caption-wrap style-overlay overlay-overlay animated fade-in\"><div class=\"item-hover-bg\"><\/div><div class=\"item-caption-over\"><h5 class=\"item-title\">Pieza Marketing Directo<\/h5><div class=\"item-content\"><\/div><div class=\"item-buttons\"><div class=\"gallery-link zoom\"><span class=\"item-icon-inner\"><i class=\"fas fa-search-plus\" aria-hidden=\"true\"><\/i><\/span><\/div><\/div><\/div><div class=\"caption-head\"><\/div><\/div><\/div><\/div><\/div><\/div><\/div>\n<\/div><\/div><\/div>\n<\/div><\/section><\/div>\n","protected":false},"excerpt":{"rendered":"<p>Espacio reservado para vosotros Descripci\u00f3n: Este espacio est\u00e1 reservado para vuestra marca. Para que entre vosotros y yo podamos llevar a cabo proyectos que hagan vender m\u00e1s. Contacta conmigo cuando quieras y podremos llevarlo a cabo juntos.<\/p>\n","protected":false},"author":1,"featured_media":0,"parent":0,"menu_order":0,"comment_status":"closed","ping_status":"closed","template":"","meta":{"_uag_custom_page_level_css":"","footnotes":""},"class_list":["post-6015","page","type-page","status-publish","hentry"],"uagb_featured_image_src":{"full":false,"thumbnail":false,"medium":false,"medium_large":false,"large":false,"1536x1536":false,"2048x2048":false},"uagb_author_info":{"display_name":"jaimecampina","author_link":"https:\/\/jaimecampina.es\/inicio\/author\/jaimecampina\/"},"uagb_comment_info":0,"uagb_excerpt":"Espacio reservado para vosotros Descripci\u00f3n: Este espacio est\u00e1 reservado para vuestra marca. Para que entre vosotros y yo podamos llevar a cabo proyectos que hagan vender m\u00e1s. Contacta conmigo cuando quieras y podremos llevarlo a cabo juntos.","_links":{"self":[{"href":"https:\/\/jaimecampina.es\/inicio\/wp-json\/wp\/v2\/pages\/6015","targetHints":{"allow":["GET"]}}],"collection":[{"href":"https:\/\/jaimecampina.es\/inicio\/wp-json\/wp\/v2\/pages"}],"about":[{"href":"https:\/\/jaimecampina.es\/inicio\/wp-json\/wp\/v2\/types\/page"}],"author":[{"embeddable":true,"href":"https:\/\/jaimecampina.es\/inicio\/wp-json\/wp\/v2\/users\/1"}],"replies":[{"embeddable":true,"href":"https:\/\/jaimecampina.es\/inicio\/wp-json\/wp\/v2\/comments?post=6015"}],"version-history":[{"count":19,"href":"https:\/\/jaimecampina.es\/inicio\/wp-json\/wp\/v2\/pages\/6015\/revisions"}],"predecessor-version":[{"id":7771,"href":"https:\/\/jaimecampina.es\/inicio\/wp-json\/wp\/v2\/pages\/6015\/revisions\/7771"}],"wp:attachment":[{"href":"https:\/\/jaimecampina.es\/inicio\/wp-json\/wp\/v2\/media?parent=6015"}],"curies":[{"name":"wp","href":"https:\/\/api.w.org\/{rel}","templated":true}]}}