{"id":5496,"date":"2023-02-02T23:35:35","date_gmt":"2023-02-02T23:35:35","guid":{"rendered":"http:\/\/jaimecampina.es\/inicio\/?page_id=5496"},"modified":"2026-01-24T20:32:15","modified_gmt":"2026-01-24T20:32:15","slug":"campanas-rrss","status":"publish","type":"page","link":"https:\/\/jaimecampina.es\/inicio\/campanas-rrss\/","title":{"rendered":"Campa\u00f1as rrss"},"content":{"rendered":"\n<h2 class=\"wp-block-gutenverse-heading guten-element guten-L2a0qt\">Bipi<\/h2>\n\n\n\n<p class=\"has-small-font-size\" style=\"font-style:normal;font-weight:400\"><strong>Soporte: <\/strong>Videos RRSS 20\u00bb, Posts Facebook, instagram, Linkdin, Twitter.<\/p>\n\n\n\n<p class=\"has-small-font-size\" style=\"font-style:normal;font-weight:400\"><strong>Descripci\u00f3n:<\/strong> Campa\u00f1a para el&nbsp;relanzamiento&nbsp;de la marca Bipi en Redes sociales&nbsp;2020.<\/p>\n\n\n\n<p class=\"has-small-font-size\" style=\"font-style:normal;font-weight:400\"><strong>Agencia: <\/strong>Jimbo.<\/p>\n\n\n\n<p class=\"has-small-font-size\" style=\"font-style:normal;font-weight:400\"><strong>Productora:<\/strong> Banco de imagen.<\/p>\n\n\n\n<p class=\"has-small-font-size\" style=\"font-style:normal;font-weight:400\"><strong>Realizador:<\/strong> Jimbo.<\/p>\n\n\n\n<div class=\"guten-element guten-spacer guten-XDkPFL\"><\/div>\n\n\n\n<figure class=\"guten-element guten-video guten-0h5FYf\"><div class=\"guten-video-wrapper\" data-property=\"{&quot;url&quot;:&quot;https:\/\/vimeo.com\/414863130&quot;,&quot;class&quot;:&quot;guten-video-background&quot;,&quot;width&quot;:&quot;100%&quot;,&quot;height&quot;:&quot;652px&quot;,&quot;controls&quot;:true,&quot;playsinline&quot;:true,&quot;style&quot;:{},&quot;config&quot;:{&quot;youtube&quot;:{&quot;playerVars&quot;:{}}}}\"><\/div><\/figure>\n\n\n\n<div class=\"guten-element guten-spacer guten-BMWwCY\"><\/div>\n\n\n\n<div class=\"guten-element guten-gallery guten-eShiQJ layout-overlay grid-desktop-3 grid-tablet-2 grid-mobile-2\" data-grid=\"grid\"><div class=\"gutenverse-popup-gallery hidden\"><div class=\"gallery-header\"><div class=\"left-header\"><\/div><div class=\"right-header\"><svg xmlns=\"http:\/\/www.w3.org\/2000\/svg\" width=\"24\" height=\"24\" viewBox=\"0 0 24 24\" fill=\"none\" stroke=\"currentColor\" stroke-width=\"2\" stroke-linecap=\"round\" stroke-linejoin=\"round\" class=\"icon-fullscreen\"><path d=\"M8 3H5a2 2 0 0 0-2 2v3m18 0V5a2 2 0 0 0-2-2h-3m0 18h3a2 2 0 0 0 2-2v-3M3 16v3a2 2 0 0 0 2 2h3\"><\/path><\/svg><svg xmlns=\"http:\/\/www.w3.org\/2000\/svg\" width=\"24\" height=\"24\" viewBox=\"0 0 24 24\" fill=\"none\" stroke=\"currentColor\" stroke-width=\"2\" stroke-linecap=\"round\" stroke-linejoin=\"round\" class=\"icon-minimize hidden\"><path d=\"M8 3v3a2 2 0 0 1-2 2H3m18 0h-3a2 2 0 0 1-2-2V3m0 18v-3a2 2 0 0 1 2-2h3M3 16h3a2 2 0 0 1 2 2v3\"><\/path><\/svg><svg xmlns=\"http:\/\/www.w3.org\/2000\/svg\" width=\"24\" height=\"24\" viewBox=\"0 0 24 24\" fill=\"none\" stroke=\"currentColor\" stroke-width=\"2\" stroke-linecap=\"round\" stroke-linejoin=\"round\" class=\"icon-zoom\"><circle cx=\"11\" cy=\"11\" r=\"8\"><\/circle><line x1=\"21\" y1=\"21\" x2=\"16.65\" y2=\"16.65\"><\/line><line x1=\"11\" y1=\"8\" x2=\"11\" y2=\"14\"><\/line><line x1=\"8\" y1=\"11\" x2=\"14\" y2=\"11\"><\/line><\/svg><svg xmlns=\"http:\/\/www.w3.org\/2000\/svg\" width=\"24\" height=\"24\" viewBox=\"0 0 24 24\" fill=\"none\" stroke=\"currentColor\" stroke-width=\"2\" stroke-linecap=\"round\" stroke-linejoin=\"round\" class=\"icon-close\"><line x1=\"18\" y1=\"6\" x2=\"6\" y2=\"18\"><\/line><line x1=\"6\" y1=\"6\" x2=\"18\" y2=\"18\"><\/line><\/svg><\/div><\/div><div class=\"gallery-body\"><div class=\"images\"><div id=\"guten-eShiQJ\" class=\"swiper-container\"><div class=\"swiper-wrapper\"><div class=\"swiper-slide image-list image-list-0\" data-filter=\"Two\" data-title=\"Post RRSS\" data-index=\"0\"><div class=\"content-image swiper-zoom-container\"><img decoding=\"async\" class=\"main-image\" src=\"http:\/\/jaimecampina.es\/wp-content\/uploads\/2023\/01\/facebook_20_20_ok-03.jpg\" alt=\"Post RRSS\"\/><\/div><\/div><div class=\"swiper-slide image-list image-list-1\" data-filter=\"Two\" data-title=\"Post RRSS\" data-index=\"1\"><div class=\"content-image swiper-zoom-container\"><img decoding=\"async\" class=\"main-image\" src=\"http:\/\/jaimecampina.es\/wp-content\/uploads\/2023\/01\/facebook_20_20_ok-01.jpg\" alt=\"Post RRSS\"\/><\/div><\/div><div class=\"swiper-slide image-list image-list-2\" data-filter=\"Two\" data-title=\"Post RRSS\" data-index=\"2\"><div class=\"content-image swiper-zoom-container\"><img decoding=\"async\" class=\"main-image\" src=\"http:\/\/jaimecampina.es\/wp-content\/uploads\/2023\/01\/facebook_20_20_ok-02.jpg\" alt=\"Post RRSS\"\/><\/div><\/div><\/div><div class=\"swiper-button-prev\"><\/div><div class=\"swiper-button-next\"><\/div><\/div><\/div><\/div><\/div><div class=\"gallery-items\" data-loaded=\"6\" data-max=\"3\"><div class=\"gallery-item-wrap \" data-index=\"0\" data-control=\"Two\"><div class=\"grid-item\"><div class=\"thumbnail-wrap\"><img decoding=\"async\" src=\"http:\/\/jaimecampina.es\/wp-content\/uploads\/2023\/01\/facebook_20_20_ok-03.jpg\" alt=\"Post RRSS\"\/><div class=\"caption-wrap style-overlay overlay-overlay animated fade-in\"><div class=\"item-hover-bg\"><\/div><div class=\"item-caption-over\"><h5 class=\"item-title\">Post RRSS<\/h5><div class=\"item-content\"><\/div><div class=\"item-buttons\"><div class=\"gallery-link zoom with-text\"><span class=\"item-icon-inner\"><i class=\"fas fa-search-plus\" aria-hidden=\"true\"><\/i><\/span><\/div><\/div><\/div><div class=\"caption-head\"><\/div><\/div><\/div><\/div><\/div><div class=\"gallery-item-wrap \" data-index=\"1\" data-control=\"Two\"><div class=\"grid-item\"><div class=\"thumbnail-wrap\"><img decoding=\"async\" src=\"http:\/\/jaimecampina.es\/wp-content\/uploads\/2023\/01\/facebook_20_20_ok-01.jpg\" alt=\"Post RRSS\"\/><div class=\"caption-wrap style-overlay overlay-overlay animated fade-in\"><div class=\"item-hover-bg\"><\/div><div class=\"item-caption-over\"><h5 class=\"item-title\">Post RRSS<\/h5><div class=\"item-content\"><\/div><div class=\"item-buttons\"><div class=\"gallery-link zoom with-text\"><span class=\"item-icon-inner\"><i class=\"fas fa-search-plus\" aria-hidden=\"true\"><\/i><\/span><\/div><\/div><\/div><div class=\"caption-head\"><\/div><\/div><\/div><\/div><\/div><div class=\"gallery-item-wrap \" data-index=\"2\" data-control=\"Two\"><div class=\"grid-item\"><div class=\"thumbnail-wrap\"><img decoding=\"async\" src=\"http:\/\/jaimecampina.es\/wp-content\/uploads\/2023\/01\/facebook_20_20_ok-02.jpg\" alt=\"Post RRSS\"\/><div class=\"caption-wrap style-overlay overlay-overlay animated fade-in\"><div class=\"item-hover-bg\"><\/div><div class=\"item-caption-over\"><h5 class=\"item-title\">Post RRSS<\/h5><div class=\"item-content\"><\/div><div class=\"item-buttons\"><div class=\"gallery-link zoom with-text\"><span class=\"item-icon-inner\"><i class=\"fas fa-search-plus\" aria-hidden=\"true\"><\/i><\/span><\/div><\/div><\/div><div class=\"caption-head\"><\/div><\/div><\/div><\/div><\/div><\/div><\/div>\n\n\n\n<div class=\"guten-element guten-spacer guten-54FsuE\"><\/div>\n\n\n\n<div class=\"wp-block-gutenverse-divider guten-element guten-divider guten-IB5c26\"><div class=\"guten-divider-wrapper\"><div class=\"guten-divider-default guten-divider-line guten-divider-regular\"><\/div><\/div><\/div>\n\n\n\n<div class=\"guten-element guten-spacer guten-nKol16\"><\/div>\n\n\n\n<p class=\"has-small-font-size\"><strong>Soporte: <\/strong>Videos RRSS 20\u00bb, Posts Facebook, instagram, Linkdin, Twitter.<\/p>\n\n\n\n<p class=\"has-small-font-size\"><strong>Descripci\u00f3n:<\/strong> Campa\u00f1a para la comunicaci\u00f3n de la marca Bipi en Redes sociales.<\/p>\n\n\n\n<p class=\"has-small-font-size\"><strong>Agencia: <\/strong>Jimbo.<\/p>\n\n\n\n<p class=\"has-small-font-size\"><strong>Productora: <\/strong>Banco de imagen.<\/p>\n\n\n\n<p class=\"has-small-font-size\"><strong>Realizador: <\/strong>Jimbo.<\/p>\n\n\n\n<div class=\"guten-element guten-spacer guten-yqBCOP\"><\/div>\n\n\n\n<figure class=\"guten-element guten-video guten-CagA75\"><div class=\"guten-video-wrapper\" data-property=\"{&quot;url&quot;:&quot;https:\/\/vimeo.com\/414518114&quot;,&quot;class&quot;:&quot;guten-video-background&quot;,&quot;width&quot;:&quot;100%&quot;,&quot;height&quot;:&quot;652px&quot;,&quot;controls&quot;:true,&quot;playsinline&quot;:true,&quot;style&quot;:{},&quot;config&quot;:{&quot;youtube&quot;:{&quot;playerVars&quot;:{}}}}\"><\/div><\/figure>\n\n\n\n<figure class=\"guten-element guten-video guten-MiituN\"><div class=\"guten-video-wrapper\" data-property=\"{&quot;url&quot;:&quot;https:\/\/vimeo.com\/414518197&quot;,&quot;class&quot;:&quot;guten-video-background&quot;,&quot;width&quot;:&quot;100%&quot;,&quot;height&quot;:&quot;652px&quot;,&quot;controls&quot;:true,&quot;playsinline&quot;:true,&quot;style&quot;:{},&quot;config&quot;:{&quot;youtube&quot;:{&quot;playerVars&quot;:{}}}}\"><\/div><\/figure>\n\n\n\n<div class=\"guten-element guten-spacer guten-DOnSnM\"><\/div>\n\n\n\n<div class=\"guten-element guten-gallery guten-Mdsnjy layout-overlay grid-desktop-3 grid-tablet-2 grid-mobile-2\" data-grid=\"grid\"><div class=\"gutenverse-popup-gallery hidden\"><div class=\"gallery-header\"><div class=\"left-header\"><\/div><div class=\"right-header\"><svg xmlns=\"http:\/\/www.w3.org\/2000\/svg\" width=\"24\" height=\"24\" viewBox=\"0 0 24 24\" fill=\"none\" stroke=\"currentColor\" stroke-width=\"2\" stroke-linecap=\"round\" stroke-linejoin=\"round\" class=\"icon-fullscreen\"><path d=\"M8 3H5a2 2 0 0 0-2 2v3m18 0V5a2 2 0 0 0-2-2h-3m0 18h3a2 2 0 0 0 2-2v-3M3 16v3a2 2 0 0 0 2 2h3\"><\/path><\/svg><svg xmlns=\"http:\/\/www.w3.org\/2000\/svg\" width=\"24\" height=\"24\" viewBox=\"0 0 24 24\" fill=\"none\" stroke=\"currentColor\" stroke-width=\"2\" stroke-linecap=\"round\" stroke-linejoin=\"round\" class=\"icon-minimize hidden\"><path d=\"M8 3v3a2 2 0 0 1-2 2H3m18 0h-3a2 2 0 0 1-2-2V3m0 18v-3a2 2 0 0 1 2-2h3M3 16h3a2 2 0 0 1 2 2v3\"><\/path><\/svg><svg xmlns=\"http:\/\/www.w3.org\/2000\/svg\" width=\"24\" height=\"24\" viewBox=\"0 0 24 24\" fill=\"none\" stroke=\"currentColor\" stroke-width=\"2\" stroke-linecap=\"round\" stroke-linejoin=\"round\" class=\"icon-zoom\"><circle cx=\"11\" cy=\"11\" r=\"8\"><\/circle><line x1=\"21\" y1=\"21\" x2=\"16.65\" y2=\"16.65\"><\/line><line x1=\"11\" y1=\"8\" x2=\"11\" y2=\"14\"><\/line><line x1=\"8\" y1=\"11\" x2=\"14\" y2=\"11\"><\/line><\/svg><svg xmlns=\"http:\/\/www.w3.org\/2000\/svg\" width=\"24\" height=\"24\" viewBox=\"0 0 24 24\" fill=\"none\" stroke=\"currentColor\" stroke-width=\"2\" stroke-linecap=\"round\" stroke-linejoin=\"round\" class=\"icon-close\"><line x1=\"18\" y1=\"6\" x2=\"6\" y2=\"18\"><\/line><line x1=\"6\" y1=\"6\" x2=\"18\" y2=\"18\"><\/line><\/svg><\/div><\/div><div class=\"gallery-body\"><div class=\"images\"><div id=\"guten-Mdsnjy\" class=\"swiper-container\"><div class=\"swiper-wrapper\"><div class=\"swiper-slide image-list image-list-0\" data-filter=\"Two\" data-title=\"Post RRSS\" data-index=\"0\"><div class=\"content-image swiper-zoom-container\"><img decoding=\"async\" class=\"main-image\" src=\"http:\/\/jaimecampina.es\/wp-content\/uploads\/2023\/01\/RRSS_posicionamiento_francia_bipi_no-compares-06.jpg\" alt=\"Post RRSS\"\/><\/div><\/div><div class=\"swiper-slide image-list image-list-1\" data-filter=\"Two\" data-title=\"Post RRSS\" data-index=\"1\"><div class=\"content-image swiper-zoom-container\"><img decoding=\"async\" class=\"main-image\" src=\"http:\/\/jaimecampina.es\/wp-content\/uploads\/2023\/01\/RRSS_posicionamiento_francia_bipi_no-compares-03.jpg\" alt=\"Post RRSS\"\/><\/div><\/div><div class=\"swiper-slide image-list image-list-2\" data-filter=\"Two\" data-title=\"Post RRSS\" data-index=\"2\"><div class=\"content-image swiper-zoom-container\"><img decoding=\"async\" class=\"main-image\" src=\"http:\/\/jaimecampina.es\/wp-content\/uploads\/2023\/01\/RRSS_posicionamiento_francia_bipi_no-compares-02.jpg\" alt=\"Post RRSS\"\/><\/div><\/div><\/div><div class=\"swiper-button-prev\"><\/div><div class=\"swiper-button-next\"><\/div><\/div><\/div><\/div><\/div><div class=\"gallery-items\" data-loaded=\"6\" data-max=\"3\"><div class=\"gallery-item-wrap \" data-index=\"0\" data-control=\"Two\"><div class=\"grid-item\"><div class=\"thumbnail-wrap\"><img decoding=\"async\" src=\"http:\/\/jaimecampina.es\/wp-content\/uploads\/2023\/01\/RRSS_posicionamiento_francia_bipi_no-compares-06.jpg\" alt=\"Post RRSS\"\/><div class=\"caption-wrap style-overlay overlay-overlay animated fade-in\"><div class=\"item-hover-bg\"><\/div><div class=\"item-caption-over\"><h5 class=\"item-title\">Post RRSS<\/h5><div class=\"item-content\"><\/div><div class=\"item-buttons\"><div class=\"gallery-link zoom with-text\"><span class=\"item-icon-inner\"><i class=\"fas fa-search-plus\" aria-hidden=\"true\"><\/i><\/span><\/div><\/div><\/div><div class=\"caption-head\"><\/div><\/div><\/div><\/div><\/div><div class=\"gallery-item-wrap \" data-index=\"1\" data-control=\"Two\"><div class=\"grid-item\"><div class=\"thumbnail-wrap\"><img decoding=\"async\" src=\"http:\/\/jaimecampina.es\/wp-content\/uploads\/2023\/01\/RRSS_posicionamiento_francia_bipi_no-compares-03.jpg\" alt=\"Post RRSS\"\/><div class=\"caption-wrap style-overlay overlay-overlay animated fade-in\"><div class=\"item-hover-bg\"><\/div><div class=\"item-caption-over\"><h5 class=\"item-title\">Post RRSS<\/h5><div class=\"item-content\"><\/div><div class=\"item-buttons\"><div class=\"gallery-link zoom with-text\"><span class=\"item-icon-inner\"><i class=\"fas fa-search-plus\" aria-hidden=\"true\"><\/i><\/span><\/div><\/div><\/div><div class=\"caption-head\"><\/div><\/div><\/div><\/div><\/div><div class=\"gallery-item-wrap \" data-index=\"2\" data-control=\"Two\"><div class=\"grid-item\"><div class=\"thumbnail-wrap\"><img decoding=\"async\" src=\"http:\/\/jaimecampina.es\/wp-content\/uploads\/2023\/01\/RRSS_posicionamiento_francia_bipi_no-compares-02.jpg\" alt=\"Post RRSS\"\/><div class=\"caption-wrap style-overlay overlay-overlay animated fade-in\"><div class=\"item-hover-bg\"><\/div><div class=\"item-caption-over\"><h5 class=\"item-title\">Post RRSS<\/h5><div class=\"item-content\"><\/div><div class=\"item-buttons\"><div class=\"gallery-link zoom with-text\"><span class=\"item-icon-inner\"><i class=\"fas fa-search-plus\" aria-hidden=\"true\"><\/i><\/span><\/div><\/div><\/div><div class=\"caption-head\"><\/div><\/div><\/div><\/div><\/div><\/div><\/div>\n\n\n\n<div class=\"guten-element guten-spacer guten-bECnCd\"><\/div>\n\n\n\n<div class=\"wp-block-gutenverse-divider guten-element guten-divider guten-ul01EJ\"><div class=\"guten-divider-wrapper\"><div class=\"guten-divider-default guten-divider-line guten-divider-regular\"><\/div><\/div><\/div>\n\n\n\n<div class=\"guten-element guten-spacer guten-OqrH4A\"><\/div>\n\n\n\n<p class=\"has-small-font-size\"><strong>Soporte: <\/strong>Videos RRSS 20\u00bb, Posts Facebook, instagram, Linkdin, Twitter.<\/p>\n\n\n\n<p class=\"has-small-font-size\"><strong>Descripci\u00f3n:<\/strong> Campa\u00f1a para la comunicaci\u00f3n en Espa\u00f1a del lanzamiento de la marca en el mercado&nbsp;Franc\u00e9s.<\/p>\n\n\n\n<p class=\"has-small-font-size\"><strong>Agencia: <\/strong>Jimbo.<\/p>\n\n\n\n<p class=\"has-small-font-size\"><strong>Productora: <\/strong>Banco de imagen.<\/p>\n\n\n\n<p class=\"has-small-font-size\"><strong>Realizador:<\/strong> Jimbo.<\/p>\n\n\n\n<div class=\"guten-element guten-spacer guten-o6e04C\"><\/div>\n\n\n\n<figure class=\"guten-element guten-video guten-AblmQn\"><div class=\"guten-video-wrapper\" data-property=\"{&quot;url&quot;:&quot;https:\/\/vimeo.com\/414518160&quot;,&quot;class&quot;:&quot;guten-video-background&quot;,&quot;width&quot;:&quot;100%&quot;,&quot;height&quot;:&quot;652px&quot;,&quot;controls&quot;:true,&quot;playsinline&quot;:true,&quot;style&quot;:{},&quot;config&quot;:{&quot;youtube&quot;:{&quot;playerVars&quot;:{}}}}\"><\/div><\/figure>\n\n\n\n<div class=\"guten-element guten-spacer guten-d8JbQW\"><\/div>\n\n\n\n<figure class=\"guten-element guten-video guten-1Mgcdf\"><div class=\"guten-video-wrapper\" data-property=\"{&quot;url&quot;:&quot;https:\/\/vimeo.com\/414518133&quot;,&quot;class&quot;:&quot;guten-video-background&quot;,&quot;width&quot;:&quot;100%&quot;,&quot;height&quot;:&quot;652px&quot;,&quot;controls&quot;:true,&quot;playsinline&quot;:true,&quot;style&quot;:{},&quot;config&quot;:{&quot;youtube&quot;:{&quot;playerVars&quot;:{}}}}\"><\/div><\/figure>\n\n\n\n<div class=\"guten-element guten-spacer guten-tgKF4o\"><\/div>\n\n\n\n<div class=\"guten-element guten-gallery guten-3vZz6f layout-overlay grid-desktop-3 grid-tablet-2 grid-mobile-2\" data-grid=\"grid\"><div class=\"gutenverse-popup-gallery hidden\"><div class=\"gallery-header\"><div class=\"left-header\"><\/div><div class=\"right-header\"><svg xmlns=\"http:\/\/www.w3.org\/2000\/svg\" width=\"24\" height=\"24\" viewBox=\"0 0 24 24\" fill=\"none\" stroke=\"currentColor\" stroke-width=\"2\" stroke-linecap=\"round\" stroke-linejoin=\"round\" class=\"icon-fullscreen\"><path d=\"M8 3H5a2 2 0 0 0-2 2v3m18 0V5a2 2 0 0 0-2-2h-3m0 18h3a2 2 0 0 0 2-2v-3M3 16v3a2 2 0 0 0 2 2h3\"><\/path><\/svg><svg xmlns=\"http:\/\/www.w3.org\/2000\/svg\" width=\"24\" height=\"24\" viewBox=\"0 0 24 24\" fill=\"none\" stroke=\"currentColor\" stroke-width=\"2\" stroke-linecap=\"round\" stroke-linejoin=\"round\" class=\"icon-minimize hidden\"><path d=\"M8 3v3a2 2 0 0 1-2 2H3m18 0h-3a2 2 0 0 1-2-2V3m0 18v-3a2 2 0 0 1 2-2h3M3 16h3a2 2 0 0 1 2 2v3\"><\/path><\/svg><svg xmlns=\"http:\/\/www.w3.org\/2000\/svg\" width=\"24\" height=\"24\" viewBox=\"0 0 24 24\" fill=\"none\" stroke=\"currentColor\" stroke-width=\"2\" stroke-linecap=\"round\" stroke-linejoin=\"round\" class=\"icon-zoom\"><circle cx=\"11\" cy=\"11\" r=\"8\"><\/circle><line x1=\"21\" y1=\"21\" x2=\"16.65\" y2=\"16.65\"><\/line><line x1=\"11\" y1=\"8\" x2=\"11\" y2=\"14\"><\/line><line x1=\"8\" y1=\"11\" x2=\"14\" y2=\"11\"><\/line><\/svg><svg xmlns=\"http:\/\/www.w3.org\/2000\/svg\" width=\"24\" height=\"24\" viewBox=\"0 0 24 24\" fill=\"none\" stroke=\"currentColor\" stroke-width=\"2\" stroke-linecap=\"round\" stroke-linejoin=\"round\" class=\"icon-close\"><line x1=\"18\" y1=\"6\" x2=\"6\" y2=\"18\"><\/line><line x1=\"6\" y1=\"6\" x2=\"18\" y2=\"18\"><\/line><\/svg><\/div><\/div><div class=\"gallery-body\"><div class=\"images\"><div id=\"guten-3vZz6f\" class=\"swiper-container\"><div class=\"swiper-wrapper\"><div class=\"swiper-slide image-list image-list-0\" data-filter=\"Two\" data-title=\"Post RRSS\" data-index=\"0\"><div class=\"content-image swiper-zoom-container\"><img decoding=\"async\" class=\"main-image\" src=\"http:\/\/jaimecampina.es\/wp-content\/uploads\/2023\/01\/RRSS_posicionamiento_francia_pintores_bipi-01.jpg\" alt=\"Post RRSS\"\/><\/div><\/div><div class=\"swiper-slide image-list image-list-1\" data-filter=\"Two\" data-title=\"Post RRSS\" data-index=\"1\"><div class=\"content-image swiper-zoom-container\"><img decoding=\"async\" class=\"main-image\" src=\"http:\/\/jaimecampina.es\/wp-content\/uploads\/2023\/01\/RRSS_posicionamiento_francia_pintores_bipi-02.jpg\" alt=\"Post RRSS\"\/><\/div><\/div><div class=\"swiper-slide image-list image-list-2\" data-filter=\"Two\" data-title=\"Post RRSS\" data-index=\"2\"><div class=\"content-image swiper-zoom-container\"><img decoding=\"async\" class=\"main-image\" src=\"http:\/\/jaimecampina.es\/wp-content\/uploads\/2023\/01\/RRSS_posicionamiento_francia_pintores_bipi-03.jpg\" alt=\"Post RRSS\"\/><\/div><\/div><\/div><div class=\"swiper-button-prev\"><\/div><div class=\"swiper-button-next\"><\/div><\/div><\/div><\/div><\/div><div class=\"gallery-items\" data-loaded=\"6\" data-max=\"3\"><div class=\"gallery-item-wrap \" data-index=\"0\" data-control=\"Two\"><div class=\"grid-item\"><div class=\"thumbnail-wrap\"><img decoding=\"async\" src=\"http:\/\/jaimecampina.es\/wp-content\/uploads\/2023\/01\/RRSS_posicionamiento_francia_pintores_bipi-01.jpg\" alt=\"Post RRSS\"\/><div class=\"caption-wrap style-overlay overlay-overlay animated fade-in\"><div class=\"item-hover-bg\"><\/div><div class=\"item-caption-over\"><h5 class=\"item-title\">Post RRSS<\/h5><div class=\"item-content\"><\/div><div class=\"item-buttons\"><div class=\"gallery-link zoom with-text\"><span class=\"item-icon-inner\"><i class=\"fas fa-search-plus\" aria-hidden=\"true\"><\/i><\/span><\/div><\/div><\/div><div class=\"caption-head\"><\/div><\/div><\/div><\/div><\/div><div class=\"gallery-item-wrap \" data-index=\"1\" data-control=\"Two\"><div class=\"grid-item\"><div class=\"thumbnail-wrap\"><img decoding=\"async\" src=\"http:\/\/jaimecampina.es\/wp-content\/uploads\/2023\/01\/RRSS_posicionamiento_francia_pintores_bipi-02.jpg\" alt=\"Post RRSS\"\/><div class=\"caption-wrap style-overlay overlay-overlay animated fade-in\"><div class=\"item-hover-bg\"><\/div><div class=\"item-caption-over\"><h5 class=\"item-title\">Post RRSS<\/h5><div class=\"item-content\"><\/div><div class=\"item-buttons\"><div class=\"gallery-link zoom with-text\"><span class=\"item-icon-inner\"><i class=\"fas fa-search-plus\" aria-hidden=\"true\"><\/i><\/span><\/div><\/div><\/div><div class=\"caption-head\"><\/div><\/div><\/div><\/div><\/div><div class=\"gallery-item-wrap \" data-index=\"2\" data-control=\"Two\"><div class=\"grid-item\"><div class=\"thumbnail-wrap\"><img decoding=\"async\" src=\"http:\/\/jaimecampina.es\/wp-content\/uploads\/2023\/01\/RRSS_posicionamiento_francia_pintores_bipi-03.jpg\" alt=\"Post RRSS\"\/><div class=\"caption-wrap style-overlay overlay-overlay animated fade-in\"><div class=\"item-hover-bg\"><\/div><div class=\"item-caption-over\"><h5 class=\"item-title\">Post RRSS<\/h5><div class=\"item-content\"><\/div><div class=\"item-buttons\"><div class=\"gallery-link zoom with-text\"><span class=\"item-icon-inner\"><i class=\"fas fa-search-plus\" aria-hidden=\"true\"><\/i><\/span><\/div><\/div><\/div><div class=\"caption-head\"><\/div><\/div><\/div><\/div><\/div><\/div><\/div>\n","protected":false},"excerpt":{"rendered":"<p>Soporte: Videos RRSS 20\u00bb, Posts Facebook, instagram, Linkdin, Twitter. Descripci\u00f3n: Campa\u00f1a para el&nbsp;relanzamiento&nbsp;de la marca Bipi en Redes sociales&nbsp;2020. Agencia: Jimbo. Productora: Banco de imagen. Realizador: Jimbo. Soporte: Videos RRSS 20\u00bb, Posts Facebook, instagram, Linkdin, Twitter. Descripci\u00f3n: Campa\u00f1a para la comunicaci\u00f3n de la marca Bipi en Redes sociales. Agencia: Jimbo. Productora: Banco de imagen. Realizador: Jimbo. Soporte: Videos RRSS 20\u00bb, Posts Facebook, instagram, Linkdin, Twitter. Descripci\u00f3n: Campa\u00f1a para la comunicaci\u00f3n en Espa\u00f1a del lanzamiento de la marca en el mercado&nbsp;Franc\u00e9s. Agencia: Jimbo. Productora: Banco de imagen. Realizador: Jimbo.<\/p>\n","protected":false},"author":1,"featured_media":0,"parent":0,"menu_order":0,"comment_status":"closed","ping_status":"closed","template":"","meta":{"_uag_custom_page_level_css":"","footnotes":""},"class_list":["post-5496","page","type-page","status-publish","hentry"],"uagb_featured_image_src":{"full":false,"thumbnail":false,"medium":false,"medium_large":false,"large":false,"1536x1536":false,"2048x2048":false},"uagb_author_info":{"display_name":"jaimecampina","author_link":"https:\/\/jaimecampina.es\/inicio\/author\/jaimecampina\/"},"uagb_comment_info":0,"uagb_excerpt":"Soporte: Videos RRSS 20\u00bb, Posts Facebook, instagram, Linkdin, Twitter. Descripci\u00f3n: Campa\u00f1a para el&nbsp;relanzamiento&nbsp;de la marca Bipi en Redes sociales&nbsp;2020. Agencia: Jimbo. Productora: Banco de imagen. Realizador: Jimbo. Soporte: Videos RRSS 20\u00bb, Posts Facebook, instagram, Linkdin, Twitter. Descripci\u00f3n: Campa\u00f1a para la comunicaci\u00f3n de la marca Bipi en Redes sociales. Agencia: Jimbo. Productora: Banco de imagen. Realizador:&hellip;","_links":{"self":[{"href":"https:\/\/jaimecampina.es\/inicio\/wp-json\/wp\/v2\/pages\/5496","targetHints":{"allow":["GET"]}}],"collection":[{"href":"https:\/\/jaimecampina.es\/inicio\/wp-json\/wp\/v2\/pages"}],"about":[{"href":"https:\/\/jaimecampina.es\/inicio\/wp-json\/wp\/v2\/types\/page"}],"author":[{"embeddable":true,"href":"https:\/\/jaimecampina.es\/inicio\/wp-json\/wp\/v2\/users\/1"}],"replies":[{"embeddable":true,"href":"https:\/\/jaimecampina.es\/inicio\/wp-json\/wp\/v2\/comments?post=5496"}],"version-history":[{"count":34,"href":"https:\/\/jaimecampina.es\/inicio\/wp-json\/wp\/v2\/pages\/5496\/revisions"}],"predecessor-version":[{"id":8318,"href":"https:\/\/jaimecampina.es\/inicio\/wp-json\/wp\/v2\/pages\/5496\/revisions\/8318"}],"wp:attachment":[{"href":"https:\/\/jaimecampina.es\/inicio\/wp-json\/wp\/v2\/media?parent=5496"}],"curies":[{"name":"wp","href":"https:\/\/api.w.org\/{rel}","templated":true}]}}