{"id":5226,"date":"2023-02-01T10:45:18","date_gmt":"2023-02-01T10:45:18","guid":{"rendered":"http:\/\/jaimecampina.es\/inicio\/?page_id=5226"},"modified":"2026-01-24T20:32:15","modified_gmt":"2026-01-24T20:32:15","slug":"ramos","status":"publish","type":"page","link":"https:\/\/jaimecampina.es\/inicio\/ramos\/","title":{"rendered":"Ramos"},"content":{"rendered":"\n<h2 class=\"wp-block-gutenverse-heading guten-element guten-cvBOtl\">Atresmedia Ponle Freno<\/h2>\n\n\n\n<p class=\"has-small-font-size\">Soporte: Spots, Radio, acciones en programas<\/p>\n\n\n\n<p class=\"has-small-font-size\">Descripci\u00f3n: Campa\u00f1a para la&nbsp;concienciaci\u00f3n de la buena conducci\u00f3n en carretera. Coincid\u00eda con la&nbsp;celebraci\u00f3n del 10 aniversario de Ponle freno, una de las iniciativas de Responsabilidad social corporativa de Atresmedia (Compromiso Atresmedia).<\/p>\n\n\n\n<p class=\"has-small-font-size\">Agencia: Aftershare<\/p>\n\n\n\n<p class=\"has-small-font-size\">Productora: Verte<\/p>\n\n\n\n<p class=\"has-small-font-size\">Realizador: Cesar Aguilar<\/p>\n\n\n\n<div class=\"guten-element guten-spacer guten-RaYHLL\"><\/div>\n\n\n\n<figure class=\"guten-element guten-video guten-0h5FYf\"><div class=\"guten-video-wrapper\" data-property=\"{&quot;url&quot;:&quot;https:\/\/vimeo.com\/1016450687?share=copy#t=0&quot;,&quot;class&quot;:&quot;guten-video-background&quot;,&quot;width&quot;:&quot;100%&quot;,&quot;height&quot;:&quot;758px&quot;,&quot;controls&quot;:true,&quot;playsinline&quot;:true,&quot;style&quot;:{},&quot;config&quot;:{&quot;youtube&quot;:{&quot;playerVars&quot;:{}}}}\"><\/div><\/figure>\n\n\n\n<div class=\"guten-element guten-gallery guten-Pcsk1E layout-overlay grid-desktop-3 grid-tablet-2 grid-mobile-2\" data-grid=\"grid\"><div class=\"gutenverse-popup-gallery hidden\"><div class=\"gallery-header\"><div class=\"left-header\"><\/div><div class=\"right-header\"><svg xmlns=\"http:\/\/www.w3.org\/2000\/svg\" width=\"24\" height=\"24\" viewBox=\"0 0 24 24\" fill=\"none\" stroke=\"currentColor\" stroke-width=\"2\" stroke-linecap=\"round\" stroke-linejoin=\"round\" class=\"icon-fullscreen\"><path d=\"M8 3H5a2 2 0 0 0-2 2v3m18 0V5a2 2 0 0 0-2-2h-3m0 18h3a2 2 0 0 0 2-2v-3M3 16v3a2 2 0 0 0 2 2h3\"><\/path><\/svg><svg xmlns=\"http:\/\/www.w3.org\/2000\/svg\" width=\"24\" height=\"24\" viewBox=\"0 0 24 24\" fill=\"none\" stroke=\"currentColor\" stroke-width=\"2\" stroke-linecap=\"round\" stroke-linejoin=\"round\" class=\"icon-minimize hidden\"><path d=\"M8 3v3a2 2 0 0 1-2 2H3m18 0h-3a2 2 0 0 1-2-2V3m0 18v-3a2 2 0 0 1 2-2h3M3 16h3a2 2 0 0 1 2 2v3\"><\/path><\/svg><svg xmlns=\"http:\/\/www.w3.org\/2000\/svg\" width=\"24\" height=\"24\" viewBox=\"0 0 24 24\" fill=\"none\" stroke=\"currentColor\" stroke-width=\"2\" stroke-linecap=\"round\" stroke-linejoin=\"round\" class=\"icon-zoom\"><circle cx=\"11\" cy=\"11\" r=\"8\"><\/circle><line x1=\"21\" y1=\"21\" x2=\"16.65\" y2=\"16.65\"><\/line><line x1=\"11\" y1=\"8\" x2=\"11\" y2=\"14\"><\/line><line x1=\"8\" y1=\"11\" x2=\"14\" y2=\"11\"><\/line><\/svg><svg xmlns=\"http:\/\/www.w3.org\/2000\/svg\" width=\"24\" height=\"24\" viewBox=\"0 0 24 24\" fill=\"none\" stroke=\"currentColor\" stroke-width=\"2\" stroke-linecap=\"round\" stroke-linejoin=\"round\" class=\"icon-close\"><line x1=\"18\" y1=\"6\" x2=\"6\" y2=\"18\"><\/line><line x1=\"6\" y1=\"6\" x2=\"18\" y2=\"18\"><\/line><\/svg><\/div><\/div><div class=\"gallery-body\"><div class=\"images\"><div id=\"guten-Pcsk1E\" class=\"swiper-container\"><div class=\"swiper-wrapper\"><div class=\"swiper-slide image-list image-list-0\" data-filter=\"Two\" data-title=\"P\u00e1gina de prensa\" data-index=\"0\"><div class=\"content-image swiper-zoom-container\"><img decoding=\"async\" class=\"main-image\" src=\"http:\/\/jaimecampina.es\/wp-content\/uploads\/2023\/02\/grafica-ramosaaprobad-01.webp\" alt=\"P\u00e1gina de prensa\"\/><\/div><\/div><\/div><div class=\"swiper-button-prev\"><\/div><div class=\"swiper-button-next\"><\/div><\/div><\/div><\/div><\/div><div class=\"gallery-items\" data-loaded=\"6\" data-max=\"1\"><div class=\"gallery-item-wrap \" data-index=\"0\" data-control=\"Two\"><div class=\"grid-item\"><div class=\"thumbnail-wrap\"><img decoding=\"async\" src=\"http:\/\/jaimecampina.es\/wp-content\/uploads\/2023\/02\/grafica-ramosaaprobad-01.webp\" alt=\"P\u00e1gina de prensa\"\/><div class=\"caption-wrap style-overlay overlay-overlay animated fade-in\"><div class=\"item-hover-bg\"><\/div><div class=\"item-caption-over\"><h5 class=\"item-title\">P\u00e1gina de prensa<\/h5><div class=\"item-content\"><\/div><div class=\"item-buttons\"><div class=\"gallery-link zoom with-text\"><span class=\"item-icon-inner\"><i class=\"fas fa-search-plus\" aria-hidden=\"true\"><\/i><\/span><\/div><\/div><\/div><div class=\"caption-head\"><\/div><\/div><\/div><\/div><\/div><\/div><\/div>\n\n\n\n<div class=\"guten-element guten-spacer guten-1TJYaz\"><\/div>\n\n\n\n<div class=\"guten-element gutenverse-text-editor guten-cQOPpk\"><div class=\"text-content-inner\"><\/div><\/div>\n\n\n\n<div class=\"guten-element gutenverse-text-editor guten-HNVN3m\"><div class=\"text-content-inner\">\n<p class=\"has-zeever-primary-color has-text-color has-large-font-size\">Acciones en carretera<\/p>\n\n\n\n<p style=\"font-size:18px\">Un estudio informa de que&nbsp;<strong>un ramo en una cuneta provoca en los conductores una reducci\u00f3n instant\u00e1nea<\/strong>&nbsp;de la velocidad de su veh\u00edculo. Se colocaron 17 ramos de flores, uno por cada una de las comunidades aut\u00f3nomas, en 17 Tramos de Concentraci\u00f3n de Accidentes (TCA) de nuestras carreteras, evitando as\u00ed posibles accidentes. Todos ellos llevaban una tarjeta donde se pod\u00eda leer el mensaje de campa\u00f1a \u201cSeguiremos trabajando por un futuro con cero ramos en las carreteras\u201d.<\/p>\n<\/div><\/div>\n\n\n\n<div class=\"section-wrapper\" data-id=\"eEThs0\"><section class=\"wp-block-gutenverse-section guten-element guten-section guten-eEThs0 layout-boxed align-stretch\"><div class=\"guten-container guten-column-gap-default\">\n<div class=\"wp-block-gutenverse-column guten-element guten-column guten-rwrXib\"><div class=\"guten-column-wrapper\" data-id=\"rwrXib\">\n<figure class=\"guten-element guten-video guten-6rGXG4\"><div class=\"guten-video-wrapper\" data-property=\"{&quot;url&quot;:&quot;https:\/\/vimeo.com\/269154021&quot;,&quot;class&quot;:&quot;guten-video-background&quot;,&quot;width&quot;:&quot;100%&quot;,&quot;height&quot;:&quot;308px&quot;,&quot;controls&quot;:true,&quot;playsinline&quot;:true,&quot;style&quot;:{},&quot;config&quot;:{&quot;youtube&quot;:{&quot;playerVars&quot;:{}}}}\"><\/div><\/figure>\n<\/div><\/div>\n\n\n\n<div class=\"wp-block-gutenverse-column guten-element guten-column guten-cykrk8\"><div class=\"guten-column-wrapper\" data-id=\"cykrk8\">\n<div class=\"wp-block-gutenverse-image guten-element guten-image guten-HbqzIy\"><div class=\"guten-image-wrapper\"><img decoding=\"async\" class=\"gutenverse-image-box-filled\" src=\"https:\/\/jaimecampina.es\/wp-content\/uploads\/2018\/05\/FLORES2.png\" height=\"480\" width=\"640\"\/><\/div><\/div>\n<\/div><\/div>\n<\/div><\/section><\/div>\n\n\n\n<div class=\"guten-element guten-spacer guten-L1XylD\"><\/div>\n\n\n\n<div class=\"guten-element gutenverse-text-editor guten-3in2kz\"><div class=\"text-content-inner\">\n<p class=\"has-zeever-primary-color has-text-color has-large-font-size\">Acciones en programas de la cadena<\/p>\n\n\n\n<p class=\"has-zeever-primary-color has-text-color\" style=\"font-size:18px\">En varios programas de la cadena se coloc\u00f3 un&nbsp;<strong>ramo de flores junto al presentador<\/strong>. Es un hecho que llamaba la atenci\u00f3n y el presentador lo justificaba indicando que los ramos deber\u00edan estar para decorar y celebrar y no para recordar v\u00edctimas en las carreteras. #nomasramosenlascarreteras<\/p>\n<\/div><\/div>\n\n\n\n<div class=\"section-wrapper\" data-id=\"cJYTNg\"><section class=\"wp-block-gutenverse-section guten-element guten-section guten-cJYTNg layout-boxed align-stretch\"><div class=\"guten-container guten-column-gap-default\">\n<div class=\"wp-block-gutenverse-column guten-element guten-column guten-gD5vC4\"><div class=\"guten-column-wrapper\" data-id=\"gD5vC4\">\n<div class=\"wp-block-gutenverse-image guten-element guten-image guten-3Dwmgp\"><div class=\"guten-image-wrapper\"><img decoding=\"async\" class=\"gutenverse-image-box-filled\" src=\"http:\/\/jaimecampina.es\/wp-content\/uploads\/2018\/05\/wyoming-la-sexta.png\" height=\"720\" width=\"1280\"\/><\/div><\/div>\n<\/div><\/div>\n\n\n\n<div class=\"wp-block-gutenverse-column guten-element guten-column guten-v0OmAc\"><div class=\"guten-column-wrapper\" data-id=\"v0OmAc\">\n<div class=\"wp-block-gutenverse-image guten-element guten-image guten-f5XOBU\"><div class=\"guten-image-wrapper\"><img decoding=\"async\" class=\"gutenverse-image-box-filled\" src=\"http:\/\/jaimecampina.es\/wp-content\/uploads\/2018\/05\/pablo_motos.jpg\" height=\"1563\" width=\"2785\"\/><\/div><\/div>\n<\/div><\/div>\n<\/div><\/section><\/div>\n\n\n\n<div class=\"guten-element guten-spacer guten-LAnYuK\"><\/div>\n\n\n\n<div class=\"guten-element guten-spacer guten-bWcB95\"><\/div>\n\n\n\n<p class=\"has-zeever-primary-color has-text-color\" style=\"font-size:25px\">Radio<\/p>\n\n\n\n<div class=\"guten-element guten-spacer guten-fJzdiw\"><\/div>\n\n\n\n<figure class=\"wp-block-audio\"><audio controls src=\"http:\/\/jaimecampina.es\/wp-content\/uploads\/2023\/02\/CUNA_PF_RAMOS_OPCION_2_v3.mp3\"><\/audio><\/figure>\n","protected":false},"excerpt":{"rendered":"<p>Soporte: Spots, Radio, acciones en programas Descripci\u00f3n: Campa\u00f1a para la&nbsp;concienciaci\u00f3n de la buena conducci\u00f3n en carretera. Coincid\u00eda con la&nbsp;celebraci\u00f3n del 10 aniversario de Ponle freno, una de las iniciativas de Responsabilidad social corporativa de Atresmedia (Compromiso Atresmedia). Agencia: Aftershare Productora: Verte Realizador: Cesar Aguilar Radio<\/p>\n","protected":false},"author":1,"featured_media":0,"parent":0,"menu_order":0,"comment_status":"closed","ping_status":"closed","template":"","meta":{"_uag_custom_page_level_css":"","footnotes":""},"class_list":["post-5226","page","type-page","status-publish","hentry"],"uagb_featured_image_src":{"full":false,"thumbnail":false,"medium":false,"medium_large":false,"large":false,"1536x1536":false,"2048x2048":false},"uagb_author_info":{"display_name":"jaimecampina","author_link":"https:\/\/jaimecampina.es\/inicio\/author\/jaimecampina\/"},"uagb_comment_info":0,"uagb_excerpt":"Soporte: Spots, Radio, acciones en programas Descripci\u00f3n: Campa\u00f1a para la&nbsp;concienciaci\u00f3n de la buena conducci\u00f3n en carretera. Coincid\u00eda con la&nbsp;celebraci\u00f3n del 10 aniversario de Ponle freno, una de las iniciativas de Responsabilidad social corporativa de Atresmedia (Compromiso Atresmedia). Agencia: Aftershare Productora: Verte Realizador: Cesar Aguilar Radio","_links":{"self":[{"href":"https:\/\/jaimecampina.es\/inicio\/wp-json\/wp\/v2\/pages\/5226","targetHints":{"allow":["GET"]}}],"collection":[{"href":"https:\/\/jaimecampina.es\/inicio\/wp-json\/wp\/v2\/pages"}],"about":[{"href":"https:\/\/jaimecampina.es\/inicio\/wp-json\/wp\/v2\/types\/page"}],"author":[{"embeddable":true,"href":"https:\/\/jaimecampina.es\/inicio\/wp-json\/wp\/v2\/users\/1"}],"replies":[{"embeddable":true,"href":"https:\/\/jaimecampina.es\/inicio\/wp-json\/wp\/v2\/comments?post=5226"}],"version-history":[{"count":44,"href":"https:\/\/jaimecampina.es\/inicio\/wp-json\/wp\/v2\/pages\/5226\/revisions"}],"predecessor-version":[{"id":8316,"href":"https:\/\/jaimecampina.es\/inicio\/wp-json\/wp\/v2\/pages\/5226\/revisions\/8316"}],"wp:attachment":[{"href":"https:\/\/jaimecampina.es\/inicio\/wp-json\/wp\/v2\/media?parent=5226"}],"curies":[{"name":"wp","href":"https:\/\/api.w.org\/{rel}","templated":true}]}}