{"id":3635,"date":"2018-04-12T11:13:10","date_gmt":"2018-04-12T11:13:10","guid":{"rendered":"http:\/\/jaimecampina.es\/inicio\/?page_id=3635"},"modified":"2026-01-24T20:32:15","modified_gmt":"2026-01-24T20:32:15","slug":"fundacion-atresmedia","status":"publish","type":"page","link":"https:\/\/jaimecampina.es\/inicio\/fundacion-atresmedia\/","title":{"rendered":"Asterisco"},"content":{"rendered":"\n<h2 class=\"wp-block-gutenverse-heading guten-element guten-yRXCLI\">Fundaci\u00f3n Atresmedia<\/h2>\n\n\n\n<p class=\"has-small-font-size\">Soporte: Spots Tv 60\u2033, Gr\u00e1ficas, Tik tok<\/p>\n\n\n\n<p class=\"has-small-font-size\">Descripci\u00f3n: El La Fundaci\u00f3n atresmedia se encarga de la formaci\u00f3n de j\u00f3venes para ense\u00f1arles a tener un esp\u00edritu cr\u00edtico con la informaci\u00f3n que reciben desde los medios digitales. Esta es la campa\u00f1a de lanzamiento.<\/p>\n\n\n\n<p class=\"has-small-font-size\">Agencia: Los padres de la criatura<\/p>\n\n\n\n<p class=\"has-small-font-size\">Productora: Verte<\/p>\n\n\n\n<p class=\"has-small-font-size\">Realizador: Cesar Aguilar<\/p>\n\n\n\n<div class=\"guten-element guten-spacer guten-j4qi6z\"><\/div>\n\n\n\n<figure class=\"guten-element guten-video guten-0h5FYf\"><div class=\"guten-video-wrapper\" data-property=\"{&quot;url&quot;:&quot;https:\/\/vimeo.com\/690592419&quot;,&quot;class&quot;:&quot;guten-video-background&quot;,&quot;width&quot;:&quot;100%&quot;,&quot;height&quot;:&quot;652px&quot;,&quot;controls&quot;:true,&quot;playsinline&quot;:true,&quot;style&quot;:{},&quot;config&quot;:{&quot;youtube&quot;:{&quot;playerVars&quot;:{}}}}\"><\/div><\/figure>\n\n\n\n<div class=\"guten-element guten-spacer guten-BMWwCY\"><\/div>\n\n\n\n<div class=\"guten-element guten-gallery guten-Pe9eID layout-overlay grid-desktop-3 grid-tablet-2 grid-mobile-2\" data-grid=\"grid\"><div class=\"gutenverse-popup-gallery hidden\"><div class=\"gallery-header\"><div class=\"left-header\"><\/div><div class=\"right-header\"><svg xmlns=\"http:\/\/www.w3.org\/2000\/svg\" width=\"24\" height=\"24\" viewBox=\"0 0 24 24\" fill=\"none\" stroke=\"currentColor\" stroke-width=\"2\" stroke-linecap=\"round\" stroke-linejoin=\"round\" class=\"icon-fullscreen\"><path d=\"M8 3H5a2 2 0 0 0-2 2v3m18 0V5a2 2 0 0 0-2-2h-3m0 18h3a2 2 0 0 0 2-2v-3M3 16v3a2 2 0 0 0 2 2h3\"><\/path><\/svg><svg xmlns=\"http:\/\/www.w3.org\/2000\/svg\" width=\"24\" height=\"24\" viewBox=\"0 0 24 24\" fill=\"none\" stroke=\"currentColor\" stroke-width=\"2\" stroke-linecap=\"round\" stroke-linejoin=\"round\" class=\"icon-minimize hidden\"><path d=\"M8 3v3a2 2 0 0 1-2 2H3m18 0h-3a2 2 0 0 1-2-2V3m0 18v-3a2 2 0 0 1 2-2h3M3 16h3a2 2 0 0 1 2 2v3\"><\/path><\/svg><svg xmlns=\"http:\/\/www.w3.org\/2000\/svg\" width=\"24\" height=\"24\" viewBox=\"0 0 24 24\" fill=\"none\" stroke=\"currentColor\" stroke-width=\"2\" stroke-linecap=\"round\" stroke-linejoin=\"round\" class=\"icon-zoom\"><circle cx=\"11\" cy=\"11\" r=\"8\"><\/circle><line x1=\"21\" y1=\"21\" x2=\"16.65\" y2=\"16.65\"><\/line><line x1=\"11\" y1=\"8\" x2=\"11\" y2=\"14\"><\/line><line x1=\"8\" y1=\"11\" x2=\"14\" y2=\"11\"><\/line><\/svg><svg xmlns=\"http:\/\/www.w3.org\/2000\/svg\" width=\"24\" height=\"24\" viewBox=\"0 0 24 24\" fill=\"none\" stroke=\"currentColor\" stroke-width=\"2\" stroke-linecap=\"round\" stroke-linejoin=\"round\" class=\"icon-close\"><line x1=\"18\" y1=\"6\" x2=\"6\" y2=\"18\"><\/line><line x1=\"6\" y1=\"6\" x2=\"18\" y2=\"18\"><\/line><\/svg><\/div><\/div><div class=\"gallery-body\"><div class=\"images\"><div id=\"guten-Pe9eID\" class=\"swiper-container\"><div class=\"swiper-wrapper\"><div class=\"swiper-slide image-list image-list-0\" data-filter=\"Two\" data-title=\"P\u00e1gina de Prensa\" data-index=\"0\"><div class=\"content-image swiper-zoom-container\"><img decoding=\"async\" class=\"main-image\" src=\"http:\/\/jaimecampina.es\/wp-content\/uploads\/2023\/01\/grafica_fundacion_Mesa-de-trabajo-1-copia.webp\" alt=\"P\u00e1gina de Prensa\"\/><\/div><\/div><div class=\"swiper-slide image-list image-list-1\" data-filter=\"Three\" data-title=\"P\u00e1gina de Prensa\" data-index=\"1\"><div class=\"content-image swiper-zoom-container\"><img decoding=\"async\" class=\"main-image\" src=\"http:\/\/jaimecampina.es\/wp-content\/uploads\/2023\/01\/grafica_fundacion_Mesa-de-trabajo-1.webp\" alt=\"P\u00e1gina de Prensa\"\/><\/div><\/div><div class=\"swiper-slide image-list image-list-2\" data-filter=\"Four\" data-title=\"P\u00e1gina de Prensa\" data-index=\"2\"><div class=\"content-image swiper-zoom-container\"><img decoding=\"async\" class=\"main-image\" src=\"http:\/\/jaimecampina.es\/wp-content\/uploads\/2023\/01\/grafica_fundacion_Mesa-de-trabajo-1-copia-4.webp\" alt=\"P\u00e1gina de Prensa\"\/><\/div><\/div><\/div><div class=\"swiper-button-prev\"><\/div><div class=\"swiper-button-next\"><\/div><\/div><\/div><\/div><\/div><div class=\"gallery-items\" data-loaded=\"6\" data-max=\"3\"><div class=\"gallery-item-wrap \" data-index=\"0\" data-control=\"Two\"><div class=\"grid-item\"><div class=\"thumbnail-wrap\"><img decoding=\"async\" src=\"http:\/\/jaimecampina.es\/wp-content\/uploads\/2023\/01\/grafica_fundacion_Mesa-de-trabajo-1-copia.webp\" alt=\"P\u00e1gina de Prensa\"\/><div class=\"caption-wrap style-overlay overlay-overlay animated fade-in\"><div class=\"item-hover-bg\"><\/div><div class=\"item-caption-over\"><h5 class=\"item-title\">P\u00e1gina de Prensa<\/h5><div class=\"item-content\"><\/div><div class=\"item-buttons\"><div class=\"gallery-link zoom with-text\"><span class=\"item-icon-inner\"><i class=\"fas fa-search-plus\" aria-hidden=\"true\"><\/i><\/span><\/div><\/div><\/div><div class=\"caption-head\"><\/div><\/div><\/div><\/div><\/div><div class=\"gallery-item-wrap \" data-index=\"1\" data-control=\"Three\"><div class=\"grid-item\"><div class=\"thumbnail-wrap\"><img decoding=\"async\" src=\"http:\/\/jaimecampina.es\/wp-content\/uploads\/2023\/01\/grafica_fundacion_Mesa-de-trabajo-1.webp\" alt=\"P\u00e1gina de Prensa\"\/><div class=\"caption-wrap style-overlay overlay-overlay animated fade-in\"><div class=\"item-hover-bg\"><\/div><div class=\"item-caption-over\"><h5 class=\"item-title\">P\u00e1gina de Prensa<\/h5><div class=\"item-content\"><\/div><div class=\"item-buttons\"><div class=\"gallery-link zoom with-text\"><span class=\"item-icon-inner\"><i class=\"fas fa-search-plus\" aria-hidden=\"true\"><\/i><\/span><\/div><\/div><\/div><div class=\"caption-head\"><\/div><\/div><\/div><\/div><\/div><div class=\"gallery-item-wrap \" data-index=\"2\" data-control=\"Four\"><div class=\"grid-item\"><div class=\"thumbnail-wrap\"><img decoding=\"async\" src=\"http:\/\/jaimecampina.es\/wp-content\/uploads\/2023\/01\/grafica_fundacion_Mesa-de-trabajo-1-copia-4.webp\" alt=\"P\u00e1gina de Prensa\"\/><div class=\"caption-wrap style-overlay overlay-overlay animated fade-in\"><div class=\"item-hover-bg\"><\/div><div class=\"item-caption-over\"><h5 class=\"item-title\">P\u00e1gina de Prensa<\/h5><div class=\"item-content\"><\/div><div class=\"item-buttons\"><div class=\"gallery-link zoom with-text\"><span class=\"item-icon-inner\"><i class=\"fas fa-search-plus\" aria-hidden=\"true\"><\/i><\/span><\/div><\/div><\/div><div class=\"caption-head\"><\/div><\/div><\/div><\/div><\/div><\/div><\/div>\n\n\n\n<div class=\"guten-element guten-spacer guten-3Qi5yO\"><\/div>\n\n\n\n<div class=\"section-wrapper\" data-id=\"rC4KIl\"><section class=\"wp-block-gutenverse-section guten-element guten-section guten-rC4KIl layout-boxed align-stretch\"><div class=\"guten-container guten-column-gap-default\">\n<div class=\"wp-block-gutenverse-column guten-element guten-column guten-Pc2fRd\"><div class=\"guten-column-wrapper\" data-id=\"Pc2fRd\">\n<figure class=\"guten-element guten-video guten-An7kVe\"><div class=\"guten-video-wrapper\" data-property=\"{&quot;url&quot;:&quot;https:\/\/vimeo.com\/690592469&quot;,&quot;class&quot;:&quot;guten-video-background&quot;,&quot;width&quot;:&quot;100%&quot;,&quot;height&quot;:&quot;633px&quot;,&quot;controls&quot;:true,&quot;playsinline&quot;:true,&quot;style&quot;:{},&quot;config&quot;:{&quot;youtube&quot;:{&quot;playerVars&quot;:{}}}}\"><\/div><\/figure>\n<\/div><\/div>\n\n\n\n<div class=\"wp-block-gutenverse-column guten-element guten-column guten-0i7Uxa\"><div class=\"guten-column-wrapper\" data-id=\"0i7Uxa\">\n<div class=\"guten-element gutenverse-text-editor guten-1MzAX1\"><div class=\"text-content-inner\">\n<p class=\"has-zeever-primary-color has-text-color has-large-font-size\" style=\"font-style:normal;font-weight:700\">Pieza de Tik Tok<\/p>\n<\/div><\/div>\n<\/div><\/div>\n<\/div><\/section><\/div>\n","protected":false},"excerpt":{"rendered":"<p>Soporte: Spots Tv 60\u2033, Gr\u00e1ficas, Tik tok Descripci\u00f3n: El La Fundaci\u00f3n atresmedia se encarga de la formaci\u00f3n de j\u00f3venes para ense\u00f1arles a tener un esp\u00edritu cr\u00edtico con la informaci\u00f3n que reciben desde los medios digitales. Esta es la campa\u00f1a de lanzamiento. Agencia: Los padres de la criatura Productora: Verte Realizador: Cesar Aguilar<\/p>\n","protected":false},"author":1,"featured_media":0,"parent":0,"menu_order":0,"comment_status":"closed","ping_status":"closed","template":"","meta":{"_uag_custom_page_level_css":"","footnotes":""},"class_list":["post-3635","page","type-page","status-publish","hentry"],"uagb_featured_image_src":{"full":false,"thumbnail":false,"medium":false,"medium_large":false,"large":false,"1536x1536":false,"2048x2048":false},"uagb_author_info":{"display_name":"jaimecampina","author_link":"https:\/\/jaimecampina.es\/inicio\/author\/jaimecampina\/"},"uagb_comment_info":0,"uagb_excerpt":"Soporte: Spots Tv 60\u2033, Gr\u00e1ficas, Tik tok Descripci\u00f3n: El La Fundaci\u00f3n atresmedia se encarga de la formaci\u00f3n de j\u00f3venes para ense\u00f1arles a tener un esp\u00edritu cr\u00edtico con la informaci\u00f3n que reciben desde los medios digitales. Esta es la campa\u00f1a de lanzamiento. Agencia: Los padres de la criatura Productora: Verte Realizador: Cesar Aguilar","_links":{"self":[{"href":"https:\/\/jaimecampina.es\/inicio\/wp-json\/wp\/v2\/pages\/3635","targetHints":{"allow":["GET"]}}],"collection":[{"href":"https:\/\/jaimecampina.es\/inicio\/wp-json\/wp\/v2\/pages"}],"about":[{"href":"https:\/\/jaimecampina.es\/inicio\/wp-json\/wp\/v2\/types\/page"}],"author":[{"embeddable":true,"href":"https:\/\/jaimecampina.es\/inicio\/wp-json\/wp\/v2\/users\/1"}],"replies":[{"embeddable":true,"href":"https:\/\/jaimecampina.es\/inicio\/wp-json\/wp\/v2\/comments?post=3635"}],"version-history":[{"count":96,"href":"https:\/\/jaimecampina.es\/inicio\/wp-json\/wp\/v2\/pages\/3635\/revisions"}],"predecessor-version":[{"id":8315,"href":"https:\/\/jaimecampina.es\/inicio\/wp-json\/wp\/v2\/pages\/3635\/revisions\/8315"}],"wp:attachment":[{"href":"https:\/\/jaimecampina.es\/inicio\/wp-json\/wp\/v2\/media?parent=3635"}],"curies":[{"name":"wp","href":"https:\/\/api.w.org\/{rel}","templated":true}]}}