{"id":336,"date":"2016-01-16T11:19:44","date_gmt":"2016-01-16T11:19:44","guid":{"rendered":"http:\/\/jaimecampina.es\/inicio\/?page_id=336"},"modified":"2023-02-21T19:10:58","modified_gmt":"2023-02-21T19:10:58","slug":"7-2","status":"publish","type":"page","link":"https:\/\/jaimecampina.es\/inicio\/7-2\/","title":{"rendered":"sin complejos"},"content":{"rendered":"\n<h2 class=\"wp-block-heading has-zeever-secondary-color has-text-color has-primary-font-family has-extra-large-font-size\" style=\"font-style:normal;font-weight:400\">dyc<\/h2>\n\n\n\n<div class=\"guten-element guten-spacer guten-vrkN0O\"><\/div>\n\n\n\n<p class=\"has-primary-font-family has-small-font-size\">Soporte: Campa\u00f1a online (Youtube).<\/p>\n\n\n\n<p class=\"has-primary-font-family has-small-font-size\">Descripci\u00f3n: Campa\u00f1a online bajo el paraguas de marca \u00abSin complejos\u00bb con un Take over, en diferentes p\u00e1ginas (Spoty, El Pais\u2026), que redirige a un video de youtube. Lo que parec\u00eda un simple video se convert\u00eda en un juego interactivo en el que si consegu\u00edas ir pasando las pruebas, suced\u00edan cosas en la p\u00e1gina.<\/p>\n\n\n\n<p class=\"has-primary-font-family has-small-font-size\">Agencia: Publicis.<\/p>\n\n\n\n<p class=\"has-primary-font-family has-small-font-size\">Productora: Only 925.<\/p>\n\n\n\n<p class=\"has-primary-font-family has-small-font-size\">Realizador: Ruben se\u00f1or.<\/p>\n\n\n\n<div class=\"guten-element guten-spacer guten-nalOn4\"><\/div>\n\n\n\n<h3 class=\"wp-block-heading has-zeever-secondary-color has-text-color has-primary-font-family\" style=\"font-style:normal;font-weight:400\">teaser p\u00e1gina web<\/h3>\n\n\n\n<div class=\"guten-element guten-spacer guten-XDkPFL\"><\/div>\n\n\n\n<div class=\"wp-block-gutenverse-image guten-element guten-image guten-cTYqLi\"><a class=\"guten-image-wrapper\"><img decoding=\"async\" class=\"gutenverse-image-box-filled\" src=\"http:\/\/jaimecampina.es\/wp-content\/uploads\/2016\/01\/TAKEOVER.jpg\" height=\"414\" width=\"926\"\/><\/a><\/div>\n\n\n\n<div class=\"guten-element guten-spacer guten-GM6guo\"><\/div>\n\n\n\n<figure class=\"wp-block-embed is-type-video is-provider-vimeo wp-block-embed-vimeo wp-embed-aspect-16-9 wp-has-aspect-ratio\"><div class=\"wp-block-embed__wrapper\">\nhttps:\/\/vimeo.com\/36541838\n<\/div><\/figure>\n\n\n\n<div class=\"guten-element guten-spacer guten-xQBsnA\"><\/div>\n\n\n\n<h3 class=\"wp-block-heading has-zeever-secondary-color has-text-color has-primary-font-family\" style=\"font-style:normal;font-weight:400\">caso<\/h3>\n\n\n\n<div class=\"guten-element guten-spacer guten-9vBaP5\"><\/div>\n\n\n\n<figure class=\"guten-element guten-video guten-0h5FYf\"><div class=\"guten-video-wrapper\" data-property=\"{&quot;url&quot;:&quot;https:\/\/vimeo.com\/36538260&quot;,&quot;class&quot;:&quot;guten-video-background&quot;,&quot;width&quot;:&quot;100%&quot;,&quot;height&quot;:&quot;652px&quot;,&quot;controls&quot;:true,&quot;playsinline&quot;:true,&quot;style&quot;:{},&quot;config&quot;:{&quot;youtube&quot;:{&quot;playerVars&quot;:{}}}}\"><\/div><\/figure>\n\n\n\n<div class=\"guten-element guten-spacer guten-BMWwCY\"><\/div>\n\n\n\n<div class=\"guten-element guten-gallery guten-Pe9eID layout-overlay grid-desktop-3 grid-tablet-2 grid-mobile-2\" data-grid=\"grid\"><div class=\"gutenverse-popup-gallery hidden\"><div class=\"gallery-header\"><div class=\"left-header\"><\/div><div class=\"right-header\"><svg xmlns=\"http:\/\/www.w3.org\/2000\/svg\" width=\"24\" height=\"24\" viewBox=\"0 0 24 24\" fill=\"none\" stroke=\"currentColor\" stroke-width=\"2\" stroke-linecap=\"round\" stroke-linejoin=\"round\" class=\"icon-fullscreen\"><path d=\"M8 3H5a2 2 0 0 0-2 2v3m18 0V5a2 2 0 0 0-2-2h-3m0 18h3a2 2 0 0 0 2-2v-3M3 16v3a2 2 0 0 0 2 2h3\"><\/path><\/svg><svg xmlns=\"http:\/\/www.w3.org\/2000\/svg\" width=\"24\" height=\"24\" viewBox=\"0 0 24 24\" fill=\"none\" stroke=\"currentColor\" stroke-width=\"2\" stroke-linecap=\"round\" stroke-linejoin=\"round\" class=\"icon-minimize hidden\"><path d=\"M8 3v3a2 2 0 0 1-2 2H3m18 0h-3a2 2 0 0 1-2-2V3m0 18v-3a2 2 0 0 1 2-2h3M3 16h3a2 2 0 0 1 2 2v3\"><\/path><\/svg><svg xmlns=\"http:\/\/www.w3.org\/2000\/svg\" width=\"24\" height=\"24\" viewBox=\"0 0 24 24\" fill=\"none\" stroke=\"currentColor\" stroke-width=\"2\" stroke-linecap=\"round\" stroke-linejoin=\"round\" class=\"icon-zoom\"><circle cx=\"11\" cy=\"11\" r=\"8\"><\/circle><line x1=\"21\" y1=\"21\" x2=\"16.65\" y2=\"16.65\"><\/line><line x1=\"11\" y1=\"8\" x2=\"11\" y2=\"14\"><\/line><line x1=\"8\" y1=\"11\" x2=\"14\" y2=\"11\"><\/line><\/svg><svg xmlns=\"http:\/\/www.w3.org\/2000\/svg\" width=\"24\" height=\"24\" viewBox=\"0 0 24 24\" fill=\"none\" stroke=\"currentColor\" stroke-width=\"2\" stroke-linecap=\"round\" stroke-linejoin=\"round\" class=\"icon-close\"><line x1=\"18\" y1=\"6\" x2=\"6\" y2=\"18\"><\/line><line x1=\"6\" y1=\"6\" x2=\"18\" y2=\"18\"><\/line><\/svg><\/div><\/div><div class=\"gallery-body\"><div class=\"images\"><div id=\"guten-Pe9eID\" class=\"swiper-container\"><div class=\"swiper-wrapper\"><div class=\"swiper-slide image-list\"><div class=\"content-image swiper-zoom-container\"><img decoding=\"async\" class=\"main-image\" src=\"http:\/\/jaimecampina.es\/wp-content\/uploads\/2023\/01\/52.jpg\" alt=\"P\u00e1gina de Prensa\"\/><\/div><\/div><div class=\"swiper-slide image-list\"><div class=\"content-image swiper-zoom-container\"><img decoding=\"async\" class=\"main-image\" src=\"http:\/\/jaimecampina.es\/wp-content\/uploads\/2023\/01\/53.jpg\" alt=\"P\u00e1gina de Prensa\"\/><\/div><\/div><div class=\"swiper-slide image-list\"><div class=\"content-image swiper-zoom-container\"><img decoding=\"async\" class=\"main-image\" src=\"http:\/\/jaimecampina.es\/wp-content\/uploads\/2023\/01\/b8.jpg\" alt=\"P\u00e1gina de Prensa\"\/><\/div><\/div><\/div><div class=\"swiper-button-prev\"><\/div><div class=\"swiper-button-next\"><\/div><\/div><\/div><\/div><\/div><div class=\"gallery-items\" data-loaded=\"6\" data-max=\"3\"><div class=\"gallery-item-wrap \" data-index=\"0\" data-control=\"Two\"><div class=\"grid-item\"><div class=\"thumbnail-wrap\"><img decoding=\"async\" src=\"http:\/\/jaimecampina.es\/wp-content\/uploads\/2023\/01\/52.jpg\" alt=\"P\u00e1gina de Prensa\"\/><div class=\"caption-wrap style-overlay overlay-overlay animated fade-in\"><div class=\"item-hover-bg\"><\/div><div class=\"item-caption-over\"><h5 class=\"item-title\">P\u00e1gina de Prensa<\/h5><div class=\"item-content\"><\/div><div class=\"item-buttons\"><div class=\"gallery-link zoom\"><span class=\"item-icon-inner\"><i class=\"fas fa-search-plus\" aria-hidden=\"true\"><\/i><\/span><\/div><\/div><\/div><div class=\"caption-head\"><\/div><\/div><\/div><\/div><\/div><div class=\"gallery-item-wrap \" data-index=\"1\" data-control=\"Two\"><div class=\"grid-item\"><div class=\"thumbnail-wrap\"><img decoding=\"async\" src=\"http:\/\/jaimecampina.es\/wp-content\/uploads\/2023\/01\/53.jpg\" alt=\"P\u00e1gina de Prensa\"\/><div class=\"caption-wrap style-overlay overlay-overlay animated fade-in\"><div class=\"item-hover-bg\"><\/div><div class=\"item-caption-over\"><h5 class=\"item-title\">P\u00e1gina de Prensa<\/h5><div class=\"item-content\"><\/div><div class=\"item-buttons\"><div class=\"gallery-link zoom\"><span class=\"item-icon-inner\"><i class=\"fas fa-search-plus\" aria-hidden=\"true\"><\/i><\/span><\/div><\/div><\/div><div class=\"caption-head\"><\/div><\/div><\/div><\/div><\/div><div class=\"gallery-item-wrap \" data-index=\"2\" data-control=\"Two\"><div class=\"grid-item\"><div class=\"thumbnail-wrap\"><img decoding=\"async\" src=\"http:\/\/jaimecampina.es\/wp-content\/uploads\/2023\/01\/b8.jpg\" alt=\"P\u00e1gina de Prensa\"\/><div class=\"caption-wrap style-overlay overlay-overlay animated fade-in\"><div class=\"item-hover-bg\"><\/div><div class=\"item-caption-over\"><h5 class=\"item-title\">P\u00e1gina de Prensa<\/h5><div class=\"item-content\"><\/div><div class=\"item-buttons\"><div class=\"gallery-link zoom\"><span class=\"item-icon-inner\"><i class=\"fas fa-search-plus\" aria-hidden=\"true\"><\/i><\/span><\/div><\/div><\/div><div class=\"caption-head\"><\/div><\/div><\/div><\/div><\/div><\/div><\/div>\n","protected":false},"excerpt":{"rendered":"<p>dyc Soporte: Campa\u00f1a online (Youtube). Descripci\u00f3n: Campa\u00f1a online bajo el paraguas de marca \u00abSin complejos\u00bb con un Take over, en diferentes p\u00e1ginas (Spoty, El Pais\u2026), que redirige a un video de youtube. Lo que parec\u00eda un simple video se convert\u00eda en un juego interactivo en el que si consegu\u00edas ir pasando las pruebas, suced\u00edan cosas en la p\u00e1gina. Agencia: Publicis. Productora: Only 925. Realizador: Ruben se\u00f1or. teaser p\u00e1gina web caso<\/p>\n","protected":false},"author":1,"featured_media":0,"parent":0,"menu_order":0,"comment_status":"closed","ping_status":"closed","template":"","meta":{"_uag_custom_page_level_css":"","footnotes":""},"class_list":["post-336","page","type-page","status-publish","hentry"],"uagb_featured_image_src":{"full":false,"thumbnail":false,"medium":false,"medium_large":false,"large":false,"1536x1536":false,"2048x2048":false},"uagb_author_info":{"display_name":"jaimecampina","author_link":"https:\/\/jaimecampina.es\/inicio\/author\/jaimecampina\/"},"uagb_comment_info":0,"uagb_excerpt":"dyc Soporte: Campa\u00f1a online (Youtube). Descripci\u00f3n: Campa\u00f1a online bajo el paraguas de marca \u00abSin complejos\u00bb con un Take over, en diferentes p\u00e1ginas (Spoty, El Pais\u2026), que redirige a un video de youtube. Lo que parec\u00eda un simple video se convert\u00eda en un juego interactivo en el que si consegu\u00edas ir pasando las pruebas, suced\u00edan cosas&hellip;","_links":{"self":[{"href":"https:\/\/jaimecampina.es\/inicio\/wp-json\/wp\/v2\/pages\/336","targetHints":{"allow":["GET"]}}],"collection":[{"href":"https:\/\/jaimecampina.es\/inicio\/wp-json\/wp\/v2\/pages"}],"about":[{"href":"https:\/\/jaimecampina.es\/inicio\/wp-json\/wp\/v2\/types\/page"}],"author":[{"embeddable":true,"href":"https:\/\/jaimecampina.es\/inicio\/wp-json\/wp\/v2\/users\/1"}],"replies":[{"embeddable":true,"href":"https:\/\/jaimecampina.es\/inicio\/wp-json\/wp\/v2\/comments?post=336"}],"version-history":[{"count":51,"href":"https:\/\/jaimecampina.es\/inicio\/wp-json\/wp\/v2\/pages\/336\/revisions"}],"predecessor-version":[{"id":6281,"href":"https:\/\/jaimecampina.es\/inicio\/wp-json\/wp\/v2\/pages\/336\/revisions\/6281"}],"wp:attachment":[{"href":"https:\/\/jaimecampina.es\/inicio\/wp-json\/wp\/v2\/media?parent=336"}],"curies":[{"name":"wp","href":"https:\/\/api.w.org\/{rel}","templated":true}]}}