{"id":317,"date":"2016-01-16T11:15:31","date_gmt":"2016-01-16T11:15:31","guid":{"rendered":"http:\/\/jaimecampina.es\/inicio\/?page_id=317"},"modified":"2026-01-24T20:32:15","modified_gmt":"2026-01-24T20:32:15","slug":"bankia","status":"publish","type":"page","link":"https:\/\/jaimecampina.es\/inicio\/bankia\/","title":{"rendered":"La caca de Pancho"},"content":{"rendered":"\n<h2 class=\"wp-block-gutenverse-heading guten-element guten-a1hiLl\">LAE<\/h2>\n\n\n\n<p class=\"has-zeever-primary-color has-text-color has-small-font-size\">Soporte: Spot Tv, Cartel PLV<\/p>\n\n\n\n<p class=\"has-zeever-primary-color has-text-color has-small-font-size\">Descripci\u00f3n: Pegatinas&nbsp;anti deslizantes, colocadas tanto dentro de las administraciones de Loter\u00eda como en sus aleda\u00f1os, cuyo \u201ccausante\u201d principal es&nbsp;el&nbsp;perro \u201cPancho\u201d&nbsp;que fue el carism\u00e1tico protagonista de innumerables spots para la Loter\u00eda Primitiva.<\/p>\n\n\n\n<p class=\"has-zeever-primary-color has-text-color has-small-font-size\">Agencia: Tactics<\/p>\n\n\n\n<p class=\"has-text-color has-small-font-size\" style=\"color:#e3f57c\">SHORT LIST FIAP 2006\/SHORT LIST NEW YORK FESTIVAL 2006<\/p>\n\n\n\n<div class=\"guten-element guten-spacer guten-rLKAux\"><\/div>\n\n\n\n<div class=\"guten-element guten-gallery guten-Pe9eID layout-overlay grid-desktop-3 grid-tablet-2 grid-mobile-2\" data-grid=\"grid\"><div class=\"gutenverse-popup-gallery hidden\"><div class=\"gallery-header\"><div class=\"left-header\"><\/div><div class=\"right-header\"><svg xmlns=\"http:\/\/www.w3.org\/2000\/svg\" width=\"24\" height=\"24\" viewBox=\"0 0 24 24\" fill=\"none\" stroke=\"currentColor\" stroke-width=\"2\" stroke-linecap=\"round\" stroke-linejoin=\"round\" class=\"icon-fullscreen\"><path d=\"M8 3H5a2 2 0 0 0-2 2v3m18 0V5a2 2 0 0 0-2-2h-3m0 18h3a2 2 0 0 0 2-2v-3M3 16v3a2 2 0 0 0 2 2h3\"><\/path><\/svg><svg xmlns=\"http:\/\/www.w3.org\/2000\/svg\" width=\"24\" height=\"24\" viewBox=\"0 0 24 24\" fill=\"none\" stroke=\"currentColor\" stroke-width=\"2\" stroke-linecap=\"round\" stroke-linejoin=\"round\" class=\"icon-minimize hidden\"><path d=\"M8 3v3a2 2 0 0 1-2 2H3m18 0h-3a2 2 0 0 1-2-2V3m0 18v-3a2 2 0 0 1 2-2h3M3 16h3a2 2 0 0 1 2 2v3\"><\/path><\/svg><svg xmlns=\"http:\/\/www.w3.org\/2000\/svg\" width=\"24\" height=\"24\" viewBox=\"0 0 24 24\" fill=\"none\" stroke=\"currentColor\" stroke-width=\"2\" stroke-linecap=\"round\" stroke-linejoin=\"round\" class=\"icon-zoom\"><circle cx=\"11\" cy=\"11\" r=\"8\"><\/circle><line x1=\"21\" y1=\"21\" x2=\"16.65\" y2=\"16.65\"><\/line><line x1=\"11\" y1=\"8\" x2=\"11\" y2=\"14\"><\/line><line x1=\"8\" y1=\"11\" x2=\"14\" y2=\"11\"><\/line><\/svg><svg xmlns=\"http:\/\/www.w3.org\/2000\/svg\" width=\"24\" height=\"24\" viewBox=\"0 0 24 24\" fill=\"none\" stroke=\"currentColor\" stroke-width=\"2\" stroke-linecap=\"round\" stroke-linejoin=\"round\" class=\"icon-close\"><line x1=\"18\" y1=\"6\" x2=\"6\" y2=\"18\"><\/line><line x1=\"6\" y1=\"6\" x2=\"18\" y2=\"18\"><\/line><\/svg><\/div><\/div><div class=\"gallery-body\"><div class=\"images\"><div id=\"guten-Pe9eID\" class=\"swiper-container\"><div class=\"swiper-wrapper\"><div class=\"swiper-slide image-list image-list-0\" data-filter=\"Two\" data-title=\"Detalle de la Pegatina\" data-index=\"0\"><div class=\"content-image swiper-zoom-container\"><img decoding=\"async\" class=\"main-image\" src=\"http:\/\/jaimecampina.es\/wp-content\/uploads\/2018\/01\/caca2.jpg\" alt=\"Detalle de la Pegatina\"\/><\/div><\/div><div class=\"swiper-slide image-list image-list-1\" data-filter=\"Three\" data-title=\"Detalle de la Pegatina\" data-index=\"1\"><div class=\"content-image swiper-zoom-container\"><img decoding=\"async\" class=\"main-image\" src=\"http:\/\/jaimecampina.es\/wp-content\/uploads\/2018\/01\/caca3.jpg\" alt=\"Detalle de la Pegatina\"\/><\/div><\/div><div class=\"swiper-slide image-list image-list-2\" data-filter=\"Four\" data-title=\"Detalle de la Pegatina\" data-index=\"2\"><div class=\"content-image swiper-zoom-container\"><img decoding=\"async\" class=\"main-image\" src=\"http:\/\/jaimecampina.es\/wp-content\/uploads\/2018\/01\/caca1.jpg\" alt=\"Detalle de la Pegatina\"\/><\/div><\/div><\/div><div class=\"swiper-button-prev\"><\/div><div class=\"swiper-button-next\"><\/div><\/div><\/div><\/div><\/div><div class=\"gallery-items\" data-loaded=\"6\" data-max=\"3\"><div class=\"gallery-item-wrap \" data-index=\"0\" data-control=\"Two\"><div class=\"grid-item\"><div class=\"thumbnail-wrap\"><img decoding=\"async\" src=\"http:\/\/jaimecampina.es\/wp-content\/uploads\/2018\/01\/caca2.jpg\" alt=\"Detalle de la Pegatina\"\/><div class=\"caption-wrap style-overlay overlay-overlay animated fade-in\"><div class=\"item-hover-bg\"><\/div><div class=\"item-caption-over\"><h5 class=\"item-title\">Detalle de la Pegatina<\/h5><div class=\"item-content\"><\/div><div class=\"item-buttons\"><div class=\"gallery-link zoom with-text\"><span class=\"item-icon-inner\"><i class=\"fas fa-search-plus\" aria-hidden=\"true\"><\/i><\/span><\/div><\/div><\/div><div class=\"caption-head\"><\/div><\/div><\/div><\/div><\/div><div class=\"gallery-item-wrap \" data-index=\"1\" data-control=\"Three\"><div class=\"grid-item\"><div class=\"thumbnail-wrap\"><img decoding=\"async\" src=\"http:\/\/jaimecampina.es\/wp-content\/uploads\/2018\/01\/caca3.jpg\" alt=\"Detalle de la Pegatina\"\/><div class=\"caption-wrap style-overlay overlay-overlay animated fade-in\"><div class=\"item-hover-bg\"><\/div><div class=\"item-caption-over\"><h5 class=\"item-title\">Detalle de la Pegatina<\/h5><div class=\"item-content\"><\/div><div class=\"item-buttons\"><div class=\"gallery-link zoom with-text\"><span class=\"item-icon-inner\"><i class=\"fas fa-search-plus\" aria-hidden=\"true\"><\/i><\/span><\/div><\/div><\/div><div class=\"caption-head\"><\/div><\/div><\/div><\/div><\/div><div class=\"gallery-item-wrap \" data-index=\"2\" data-control=\"Four\"><div class=\"grid-item\"><div class=\"thumbnail-wrap\"><img decoding=\"async\" src=\"http:\/\/jaimecampina.es\/wp-content\/uploads\/2018\/01\/caca1.jpg\" alt=\"Detalle de la Pegatina\"\/><div class=\"caption-wrap style-overlay overlay-overlay animated fade-in\"><div class=\"item-hover-bg\"><\/div><div class=\"item-caption-over\"><h5 class=\"item-title\">Detalle de la Pegatina<\/h5><div class=\"item-content\"><\/div><div class=\"item-buttons\"><div class=\"gallery-link zoom with-text\"><span class=\"item-icon-inner\"><i class=\"fas fa-search-plus\" aria-hidden=\"true\"><\/i><\/span><\/div><\/div><\/div><div class=\"caption-head\"><\/div><\/div><\/div><\/div><\/div><\/div><\/div>\n\n\n\n<h2 class=\"wp-block-gutenverse-heading guten-element guten-cjigdL\"><\/h2>\n","protected":false},"excerpt":{"rendered":"<p>Soporte: Spot Tv, Cartel PLV Descripci\u00f3n: Pegatinas&nbsp;anti deslizantes, colocadas tanto dentro de las administraciones de Loter\u00eda como en sus aleda\u00f1os, cuyo \u201ccausante\u201d principal es&nbsp;el&nbsp;perro \u201cPancho\u201d&nbsp;que fue el carism\u00e1tico protagonista de innumerables spots para la Loter\u00eda Primitiva. Agencia: Tactics SHORT LIST FIAP 2006\/SHORT LIST NEW YORK FESTIVAL 2006<\/p>\n","protected":false},"author":1,"featured_media":0,"parent":0,"menu_order":0,"comment_status":"closed","ping_status":"closed","template":"","meta":{"_uag_custom_page_level_css":"","footnotes":""},"class_list":["post-317","page","type-page","status-publish","hentry"],"uagb_featured_image_src":{"full":false,"thumbnail":false,"medium":false,"medium_large":false,"large":false,"1536x1536":false,"2048x2048":false},"uagb_author_info":{"display_name":"jaimecampina","author_link":"https:\/\/jaimecampina.es\/inicio\/author\/jaimecampina\/"},"uagb_comment_info":0,"uagb_excerpt":"Soporte: Spot Tv, Cartel PLV Descripci\u00f3n: Pegatinas&nbsp;anti deslizantes, colocadas tanto dentro de las administraciones de Loter\u00eda como en sus aleda\u00f1os, cuyo \u201ccausante\u201d principal es&nbsp;el&nbsp;perro \u201cPancho\u201d&nbsp;que fue el carism\u00e1tico protagonista de innumerables spots para la Loter\u00eda Primitiva. Agencia: Tactics SHORT LIST FIAP 2006\/SHORT LIST NEW YORK FESTIVAL 2006","_links":{"self":[{"href":"https:\/\/jaimecampina.es\/inicio\/wp-json\/wp\/v2\/pages\/317","targetHints":{"allow":["GET"]}}],"collection":[{"href":"https:\/\/jaimecampina.es\/inicio\/wp-json\/wp\/v2\/pages"}],"about":[{"href":"https:\/\/jaimecampina.es\/inicio\/wp-json\/wp\/v2\/types\/page"}],"author":[{"embeddable":true,"href":"https:\/\/jaimecampina.es\/inicio\/wp-json\/wp\/v2\/users\/1"}],"replies":[{"embeddable":true,"href":"https:\/\/jaimecampina.es\/inicio\/wp-json\/wp\/v2\/comments?post=317"}],"version-history":[{"count":71,"href":"https:\/\/jaimecampina.es\/inicio\/wp-json\/wp\/v2\/pages\/317\/revisions"}],"predecessor-version":[{"id":8310,"href":"https:\/\/jaimecampina.es\/inicio\/wp-json\/wp\/v2\/pages\/317\/revisions\/8310"}],"wp:attachment":[{"href":"https:\/\/jaimecampina.es\/inicio\/wp-json\/wp\/v2\/media?parent=317"}],"curies":[{"name":"wp","href":"https:\/\/api.w.org\/{rel}","templated":true}]}}