{"id":2155,"date":"2017-03-06T09:54:23","date_gmt":"2017-03-06T09:54:23","guid":{"rendered":"http:\/\/jaimecampina.es\/inicio\/?page_id=2155"},"modified":"2026-01-24T15:06:39","modified_gmt":"2026-01-24T15:06:39","slug":"ultimos-trabajos","status":"publish","type":"page","link":"https:\/\/jaimecampina.es\/inicio\/ultimos-trabajos\/","title":{"rendered":"MOEVE"},"content":{"rendered":"\n<h2 class=\"wp-block-gutenverse-heading guten-element guten-cvBOtl\">Dinos<\/h2>\n\n\n\n<p class=\"has-zeever-primary-color has-text-color has-link-color has-small-font-size wp-elements-d0a3c467f8df6280371f2f3c020bf61a\"><strong>Soporte: <\/strong>Spots 100&#8243;, 60&#8243; , Radio, Lonas, Mupis, DOOH, acciones especiales, Digital.<\/p>\n\n\n\n<p class=\"has-zeever-primary-color has-text-color has-link-color has-small-font-size wp-elements-2bdfa6a24d3ed46944d13710ef6907da\"><strong>Descripci\u00f3n:<\/strong> Campa\u00f1a de comunicaci\u00f3n global del cambio de marca de Cepsa a Moeve. El cliente queria algo notorio, diferente y transgresor.<\/p>\n\n\n\n<p class=\"has-zeever-primary-color has-text-color has-link-color has-small-font-size wp-elements-5ae5628fb6cc228cabc2205c8bb9c2f5\"><strong>Agencia:<\/strong> Publicis Espa\u00f1a<\/p>\n\n\n\n<p class=\"has-zeever-primary-color has-text-color has-link-color has-small-font-size wp-elements-0563cb5d8d75e3704ef6d8dda69803e0\"><strong>Productora: <\/strong>Bambina<\/p>\n\n\n\n<p class=\"has-zeever-primary-color has-text-color has-link-color has-small-font-size wp-elements-dbf9f2883c7325bd181a9b9d409e0cf7\"><strong>Realizador: <\/strong>Gabe Iba\u00f1ez<\/p>\n\n\n\n<p class=\"has-zeever-primary-color has-text-color has-link-color wp-elements-efd1dfe8e5b85ab8a377eb5680a3ed7b\"><strong>Fot\u00f3grafo: <\/strong>Pep \u00c1vila<\/p>\n\n\n\n<p class=\"has-text-color has-link-color wp-elements-a2336db60bfc737d485bd74096cc705b\" style=\"color:#e3f57c\">Plata Craft CdeC<\/p>\n\n\n\n<p class=\"has-text-color has-link-color wp-elements-ce639763eb343e11bef8891db6cfebfa\" style=\"color:#e3f57c\">Bronce Craft CdeC<\/p>\n\n\n\n<p class=\"has-text-color has-link-color wp-elements-a7e56c093f41652765f434f43eec3f05\" style=\"color:#e6f48c\">2 Short list El Sol <\/p>\n\n\n\n<p class=\"has-text-color has-link-color wp-elements-e6a641bc50cfdfa982460d4b6536c715\" style=\"color:#e6f48c\">Plata en Estrategia Integral de Marketing.  Premios Nacionales de Marketing<\/p>\n\n\n\n<p class=\"has-text-color has-link-color wp-elements-e62a75d2ae01115dd267a4d2b2f66954\" style=\"color:#e6f48c\">Bronce en Innovaci\u00f3n en la Propuesta de Valor. Premios Nacionales de Marketing<\/p>\n\n\n\n<p class=\"has-text-color has-link-color wp-elements-590704f09b946f00bf2f75b8932477fd\" style=\"color:#e6f48c\">Mejor spot premios Shot de Publicidad en cine por <a href=\"https:\/\/www.linkedin.com\/company\/014-media\/\">014 Media<\/a><\/p>\n\n\n\n<p class=\"has-text-color has-link-color wp-elements-068493fbe18b0d320e254caa48daf67b\" style=\"color:#e6f48c\">Oro en estrategia integrada Best in auto de IPMark<\/p>\n\n\n\n<div class=\"guten-element guten-spacer guten-nGB2Xt\"><\/div>\n\n\n\n<figure class=\"guten-element guten-video guten-TgIqPC\"><div class=\"guten-video-wrapper\" data-property=\"{&quot;url&quot;:&quot;https:\/\/vimeo.com\/1025066978&quot;,&quot;class&quot;:&quot;guten-video-background&quot;,&quot;width&quot;:&quot;100%&quot;,&quot;height&quot;:&quot;690px&quot;,&quot;controls&quot;:true,&quot;playsinline&quot;:true,&quot;style&quot;:{},&quot;config&quot;:{&quot;youtube&quot;:{&quot;playerVars&quot;:{}}}}\"><\/div><\/figure>\n\n\n\n<div class=\"guten-element guten-spacer guten-5UF5tD\"><\/div>\n\n\n\n<div class=\"guten-element guten-gallery guten-ZAnjkK layout-overlay grid-desktop-3 grid-tablet-2 grid-mobile-2\" data-grid=\"grid\"><div class=\"gutenverse-popup-gallery hidden\"><div class=\"gallery-header\"><div class=\"left-header\"><\/div><div class=\"right-header\"><svg xmlns=\"http:\/\/www.w3.org\/2000\/svg\" width=\"24\" height=\"24\" viewBox=\"0 0 24 24\" fill=\"none\" stroke=\"currentColor\" stroke-width=\"2\" stroke-linecap=\"round\" stroke-linejoin=\"round\" class=\"icon-fullscreen\"><path d=\"M8 3H5a2 2 0 0 0-2 2v3m18 0V5a2 2 0 0 0-2-2h-3m0 18h3a2 2 0 0 0 2-2v-3M3 16v3a2 2 0 0 0 2 2h3\"><\/path><\/svg><svg xmlns=\"http:\/\/www.w3.org\/2000\/svg\" width=\"24\" height=\"24\" viewBox=\"0 0 24 24\" fill=\"none\" stroke=\"currentColor\" stroke-width=\"2\" stroke-linecap=\"round\" stroke-linejoin=\"round\" class=\"icon-minimize hidden\"><path d=\"M8 3v3a2 2 0 0 1-2 2H3m18 0h-3a2 2 0 0 1-2-2V3m0 18v-3a2 2 0 0 1 2-2h3M3 16h3a2 2 0 0 1 2 2v3\"><\/path><\/svg><svg xmlns=\"http:\/\/www.w3.org\/2000\/svg\" width=\"24\" height=\"24\" viewBox=\"0 0 24 24\" fill=\"none\" stroke=\"currentColor\" stroke-width=\"2\" stroke-linecap=\"round\" stroke-linejoin=\"round\" class=\"icon-zoom\"><circle cx=\"11\" cy=\"11\" r=\"8\"><\/circle><line x1=\"21\" y1=\"21\" x2=\"16.65\" y2=\"16.65\"><\/line><line x1=\"11\" y1=\"8\" x2=\"11\" y2=\"14\"><\/line><line x1=\"8\" y1=\"11\" x2=\"14\" y2=\"11\"><\/line><\/svg><svg xmlns=\"http:\/\/www.w3.org\/2000\/svg\" width=\"24\" height=\"24\" viewBox=\"0 0 24 24\" fill=\"none\" stroke=\"currentColor\" stroke-width=\"2\" stroke-linecap=\"round\" stroke-linejoin=\"round\" class=\"icon-close\"><line x1=\"18\" y1=\"6\" x2=\"6\" y2=\"18\"><\/line><line x1=\"6\" y1=\"6\" x2=\"18\" y2=\"18\"><\/line><\/svg><\/div><\/div><div class=\"gallery-body\"><div class=\"images\"><div id=\"guten-ZAnjkK\" class=\"swiper-container\"><div class=\"swiper-wrapper\"><div class=\"swiper-slide image-list image-list-0\" data-filter=\"Marquesina 1\" data-title=\"Marquesina 1\" data-index=\"0\"><div class=\"content-image swiper-zoom-container\"><img decoding=\"async\" class=\"main-image\" src=\"https:\/\/jaimecampina.es\/wp-content\/uploads\/2024\/11\/Mock_up_Moeve_c.jpg\" alt=\"Marquesina 1\"\/><\/div><\/div><div class=\"swiper-slide image-list image-list-1\" data-filter=\"Marquesina 2\" data-title=\"Marquesina 2\" data-index=\"1\"><div class=\"content-image swiper-zoom-container\"><img decoding=\"async\" class=\"main-image\" src=\"https:\/\/jaimecampina.es\/wp-content\/uploads\/2024\/11\/Mock_up_Moeve_a.jpg\" alt=\"Marquesina 2\"\/><\/div><\/div><div class=\"swiper-slide image-list image-list-2\" data-filter=\"Marquesina 3\" data-title=\"Marquesina 3\" data-index=\"2\"><div class=\"content-image swiper-zoom-container\"><img decoding=\"async\" class=\"main-image\" src=\"https:\/\/jaimecampina.es\/wp-content\/uploads\/2024\/11\/Mock_up_Moeve_b.jpg\" alt=\"Marquesina 3\"\/><\/div><\/div><div class=\"swiper-slide image-list image-list-3\" data-filter=\"Lona Barcelona\" data-title=\"Lona Barcelona\" data-index=\"3\"><div class=\"content-image swiper-zoom-container\"><img decoding=\"async\" class=\"main-image\" src=\"https:\/\/jaimecampina.es\/wp-content\/uploads\/2024\/11\/MOEVE_LONA_BCN.jpg\" alt=\"Lona Barcelona\"\/><\/div><\/div><div class=\"swiper-slide image-list image-list-4\" data-filter=\"Lona Madrid\" data-title=\"Lona Madrid\" data-index=\"4\"><div class=\"content-image swiper-zoom-container\"><img decoding=\"async\" class=\"main-image\" src=\"https:\/\/jaimecampina.es\/wp-content\/uploads\/2024\/11\/Lona_Madrid_Moeve.jpg\" alt=\"Lona Madrid\"\/><\/div><\/div><div class=\"swiper-slide image-list image-list-5\" data-filter=\"Doble P\u00e1gina de Prensa\" data-title=\"Doble P\u00e1gina de Prensa\" data-index=\"5\"><div class=\"content-image swiper-zoom-container\"><img decoding=\"async\" class=\"main-image\" src=\"https:\/\/jaimecampina.es\/wp-content\/uploads\/2024\/11\/O7DD7Z1-scaled.jpg\" alt=\"Doble P\u00e1gina de Prensa\"\/><\/div><\/div><div class=\"swiper-slide image-list image-list-6\" data-filter=\"RRSS (Linkedin, Meta; TikTok, Instagram)\" data-title=\"RRSS (Linkedin, Meta; TikTok, Instagram)\" data-index=\"6\"><div class=\"content-image swiper-zoom-container\"><img decoding=\"async\" class=\"main-image\" src=\"https:\/\/jaimecampina.es\/wp-content\/uploads\/2024\/11\/mockup_RRSS_Mueve.jpg\" alt=\"RRSS (Linkedin, Meta; TikTok, Instagram)\"\/><\/div><\/div><div class=\"swiper-slide image-list image-list-7\" data-filter=\"Diarios_online\" data-title=\"Diarios_online\" data-index=\"7\"><div class=\"content-image swiper-zoom-container\"><img decoding=\"async\" class=\"main-image\" src=\"https:\/\/jaimecampina.es\/wp-content\/uploads\/2024\/11\/landing_moeve.jpg\" alt=\"Diarios_online\"\/><\/div><\/div><div class=\"swiper-slide image-list image-list-8\" data-filter=\"Cine Capitiol\" data-title=\"Cine Capitiol\" data-index=\"8\"><div class=\"content-image swiper-zoom-container\"><img decoding=\"async\" class=\"main-image\" src=\"https:\/\/jaimecampina.es\/wp-content\/uploads\/2024\/11\/CINE_CAPITOL_MOEVE.jpg\" alt=\"Cine Capitiol\"\/><\/div><\/div><div class=\"swiper-slide image-list image-list-9\" data-filter=\"Pantallas Cine Callao\" data-title=\"Pantallas Cine Callao\" data-index=\"9\"><div class=\"content-image swiper-zoom-container\"><img decoding=\"async\" class=\"main-image\" src=\"https:\/\/jaimecampina.es\/wp-content\/uploads\/2024\/11\/CINES_CALLAO_MOEVE.jpg\" alt=\"Pantallas Cine Callao\"\/><\/div><\/div><div class=\"swiper-slide image-list image-list-10\" data-filter=\"Pantallas Aeropuerto de Madrid y Barcelona\" data-title=\"Pantallas Aeropuerto de Madrid y Barcelona\" data-index=\"10\"><div class=\"content-image swiper-zoom-container\"><img decoding=\"async\" class=\"main-image\" src=\"https:\/\/jaimecampina.es\/wp-content\/uploads\/2024\/11\/t4-scaled.jpg\" alt=\"Pantallas Aeropuerto de Madrid y Barcelona\"\/><\/div><\/div><div class=\"swiper-slide image-list image-list-11\" data-filter=\"Pantallas Metro\" data-title=\"Pantallas Metro\" data-index=\"11\"><div class=\"content-image swiper-zoom-container\"><img decoding=\"async\" class=\"main-image\" src=\"https:\/\/jaimecampina.es\/wp-content\/uploads\/2024\/11\/NUEVOS_MINISTERIOS_03-scaled.jpg\" alt=\"Pantallas Metro\"\/><\/div><\/div><\/div><div class=\"swiper-button-prev\"><\/div><div class=\"swiper-button-next\"><\/div><\/div><\/div><\/div><\/div><div class=\"gallery-items\" data-loaded=\"12\" data-more=\"2\" data-max=\"12\"><div class=\"gallery-item-wrap \" data-index=\"0\" data-control=\"Marquesina 1\"><div class=\"grid-item\"><div class=\"thumbnail-wrap\"><img decoding=\"async\" src=\"https:\/\/jaimecampina.es\/wp-content\/uploads\/2024\/11\/Mock_up_Moeve_c.jpg\" alt=\"Marquesina 1\"\/><div class=\"caption-wrap style-overlay overlay-overlay animated fade-in\"><div class=\"item-hover-bg\"><\/div><div class=\"item-caption-over\"><h5 class=\"item-title\">Marquesina 1<\/h5><div class=\"item-content\"><\/div><div class=\"item-buttons\"><\/div><\/div><div class=\"caption-head\"><\/div><\/div><\/div><\/div><\/div><div class=\"gallery-item-wrap \" data-index=\"1\" data-control=\"Marquesina 2\"><div class=\"grid-item\"><div class=\"thumbnail-wrap\"><img decoding=\"async\" src=\"https:\/\/jaimecampina.es\/wp-content\/uploads\/2024\/11\/Mock_up_Moeve_a.jpg\" alt=\"Marquesina 2\"\/><div class=\"caption-wrap style-overlay overlay-overlay animated fade-in\"><div class=\"item-hover-bg\"><\/div><div class=\"item-caption-over\"><h5 class=\"item-title\">Marquesina 2<\/h5><div class=\"item-content\"><\/div><div class=\"item-buttons\"><\/div><\/div><div class=\"caption-head\"><\/div><\/div><\/div><\/div><\/div><div class=\"gallery-item-wrap \" data-index=\"2\" data-control=\"Marquesina 3\"><div class=\"grid-item\"><div class=\"thumbnail-wrap\"><img decoding=\"async\" src=\"https:\/\/jaimecampina.es\/wp-content\/uploads\/2024\/11\/Mock_up_Moeve_b.jpg\" alt=\"Marquesina 3\"\/><div class=\"caption-wrap style-overlay overlay-overlay animated fade-in\"><div class=\"item-hover-bg\"><\/div><div class=\"item-caption-over\"><h5 class=\"item-title\">Marquesina 3<\/h5><div class=\"item-content\"><\/div><div class=\"item-buttons\"><\/div><\/div><div class=\"caption-head\"><\/div><\/div><\/div><\/div><\/div><div class=\"gallery-item-wrap \" data-index=\"3\" data-control=\"Lona Barcelona\"><div class=\"grid-item\"><div class=\"thumbnail-wrap\"><img decoding=\"async\" src=\"https:\/\/jaimecampina.es\/wp-content\/uploads\/2024\/11\/MOEVE_LONA_BCN.jpg\" alt=\"Lona Barcelona\"\/><div class=\"caption-wrap style-overlay overlay-overlay animated fade-in\"><div class=\"item-hover-bg\"><\/div><div class=\"item-caption-over\"><h5 class=\"item-title\">Lona Barcelona<\/h5><div class=\"item-content\"><\/div><div class=\"item-buttons\"><\/div><\/div><div class=\"caption-head\"><\/div><\/div><\/div><\/div><\/div><div class=\"gallery-item-wrap \" data-index=\"4\" data-control=\"Lona Madrid\"><div class=\"grid-item\"><div class=\"thumbnail-wrap\"><img decoding=\"async\" src=\"https:\/\/jaimecampina.es\/wp-content\/uploads\/2024\/11\/Lona_Madrid_Moeve.jpg\" alt=\"Lona Madrid\"\/><div class=\"caption-wrap style-overlay overlay-overlay animated fade-in\"><div class=\"item-hover-bg\"><\/div><div class=\"item-caption-over\"><h5 class=\"item-title\">Lona Madrid<\/h5><div class=\"item-content\"><\/div><div class=\"item-buttons\"><\/div><\/div><div class=\"caption-head\"><\/div><\/div><\/div><\/div><\/div><div class=\"gallery-item-wrap \" data-index=\"5\" data-control=\"Doble P\u00e1gina de Prensa\"><div class=\"grid-item\"><div class=\"thumbnail-wrap\"><img decoding=\"async\" src=\"https:\/\/jaimecampina.es\/wp-content\/uploads\/2024\/11\/O7DD7Z1-scaled.jpg\" alt=\"Doble P\u00e1gina de Prensa\"\/><div class=\"caption-wrap style-overlay overlay-overlay animated fade-in\"><div class=\"item-hover-bg\"><\/div><div class=\"item-caption-over\"><h5 class=\"item-title\">Doble P\u00e1gina de Prensa<\/h5><div class=\"item-content\"><\/div><div class=\"item-buttons\"><\/div><\/div><div class=\"caption-head\"><\/div><\/div><\/div><\/div><\/div><div class=\"gallery-item-wrap \" data-index=\"6\" data-control=\"RRSS (Linkedin, Meta; TikTok, Instagram)\"><div class=\"grid-item\"><div class=\"thumbnail-wrap\"><img decoding=\"async\" src=\"https:\/\/jaimecampina.es\/wp-content\/uploads\/2024\/11\/mockup_RRSS_Mueve.jpg\" alt=\"RRSS (Linkedin, Meta; TikTok, Instagram)\"\/><div class=\"caption-wrap style-overlay overlay-overlay animated fade-in\"><div class=\"item-hover-bg\"><\/div><div class=\"item-caption-over\"><h5 class=\"item-title\">RRSS (Linkedin, Meta; TikTok, Instagram)<\/h5><div class=\"item-content\"><\/div><div class=\"item-buttons\"><\/div><\/div><div class=\"caption-head\"><\/div><\/div><\/div><\/div><\/div><div class=\"gallery-item-wrap \" data-index=\"7\" data-control=\"Diarios_online\"><div class=\"grid-item\"><div class=\"thumbnail-wrap\"><img decoding=\"async\" src=\"https:\/\/jaimecampina.es\/wp-content\/uploads\/2024\/11\/landing_moeve.jpg\" alt=\"Diarios_online\"\/><div class=\"caption-wrap style-overlay overlay-overlay animated fade-in\"><div class=\"item-hover-bg\"><\/div><div class=\"item-caption-over\"><h5 class=\"item-title\">Diarios_online<\/h5><div class=\"item-content\"><\/div><div class=\"item-buttons\"><\/div><\/div><div class=\"caption-head\"><\/div><\/div><\/div><\/div><\/div><div class=\"gallery-item-wrap \" data-index=\"8\" data-control=\"Cine Capitiol\"><div class=\"grid-item\"><div class=\"thumbnail-wrap\"><img decoding=\"async\" src=\"https:\/\/jaimecampina.es\/wp-content\/uploads\/2024\/11\/CINE_CAPITOL_MOEVE.jpg\" alt=\"Cine Capitiol\"\/><div class=\"caption-wrap style-overlay overlay-overlay animated fade-in\"><div class=\"item-hover-bg\"><\/div><div class=\"item-caption-over\"><h5 class=\"item-title\">Cine Capitiol<\/h5><div class=\"item-content\"><\/div><div class=\"item-buttons\"><\/div><\/div><div class=\"caption-head\"><\/div><\/div><\/div><\/div><\/div><div class=\"gallery-item-wrap \" data-index=\"9\" data-control=\"Pantallas Cine Callao\"><div class=\"grid-item\"><div class=\"thumbnail-wrap\"><img decoding=\"async\" src=\"https:\/\/jaimecampina.es\/wp-content\/uploads\/2024\/11\/CINES_CALLAO_MOEVE.jpg\" alt=\"Pantallas Cine Callao\"\/><div class=\"caption-wrap style-overlay overlay-overlay animated fade-in\"><div class=\"item-hover-bg\"><\/div><div class=\"item-caption-over\"><h5 class=\"item-title\">Pantallas Cine Callao<\/h5><div class=\"item-content\"><\/div><div class=\"item-buttons\"><\/div><\/div><div class=\"caption-head\"><\/div><\/div><\/div><\/div><\/div><div class=\"gallery-item-wrap \" data-index=\"10\" data-control=\"Pantallas Aeropuerto de Madrid y Barcelona\"><div class=\"grid-item\"><div class=\"thumbnail-wrap\"><img decoding=\"async\" src=\"https:\/\/jaimecampina.es\/wp-content\/uploads\/2024\/11\/t4-scaled.jpg\" alt=\"Pantallas Aeropuerto de Madrid y Barcelona\"\/><div class=\"caption-wrap style-overlay overlay-overlay animated fade-in\"><div class=\"item-hover-bg\"><\/div><div class=\"item-caption-over\"><h5 class=\"item-title\">Pantallas Aeropuerto de Madrid y Barcelona<\/h5><div class=\"item-content\"><\/div><div class=\"item-buttons\"><\/div><\/div><div class=\"caption-head\"><\/div><\/div><\/div><\/div><\/div><div class=\"gallery-item-wrap \" data-index=\"11\" data-control=\"Pantallas Metro\"><div class=\"grid-item\"><div class=\"thumbnail-wrap\"><img decoding=\"async\" src=\"https:\/\/jaimecampina.es\/wp-content\/uploads\/2024\/11\/NUEVOS_MINISTERIOS_03-scaled.jpg\" alt=\"Pantallas Metro\"\/><div class=\"caption-wrap style-overlay overlay-overlay animated fade-in\"><div class=\"item-hover-bg\"><\/div><div class=\"item-caption-over\"><h5 class=\"item-title\">Pantallas Metro<\/h5><div class=\"item-content\"><\/div><div class=\"item-buttons\"><\/div><\/div><div class=\"caption-head\"><\/div><\/div><\/div><\/div><\/div><\/div><\/div>\n\n\n\n<div class=\"wp-block-uagb-container uagb-block-10022e47 alignwide uagb-is-root-container\">\n<div class=\"wp-block-uagb-container uagb-block-2ab4c32b\"><\/div>\n\n\n\n<figure class=\"guten-element guten-video guten-A2vdb4\"><div class=\"guten-video-wrapper\" data-property=\"{&quot;url&quot;:&quot;https:\/\/vimeo.com\/1031308630&quot;,&quot;class&quot;:&quot;guten-video-background&quot;,&quot;width&quot;:&quot;100%&quot;,&quot;height&quot;:&quot;500px&quot;,&quot;controls&quot;:true,&quot;playsinline&quot;:true,&quot;style&quot;:{},&quot;config&quot;:{&quot;youtube&quot;:{&quot;playerVars&quot;:{}}}}\"><\/div><\/figure>\n\n\n\n<figure class=\"guten-element guten-video guten-A2vdb4\"><div class=\"guten-video-wrapper\" data-property=\"{&quot;url&quot;:&quot;https:\/\/vimeo.com\/1031292984&quot;,&quot;class&quot;:&quot;guten-video-background&quot;,&quot;width&quot;:&quot;100%&quot;,&quot;height&quot;:&quot;290px&quot;,&quot;controls&quot;:true,&quot;playsinline&quot;:true,&quot;style&quot;:{},&quot;config&quot;:{&quot;youtube&quot;:{&quot;playerVars&quot;:{}}}}\"><\/div><\/figure>\n\n\n\n<figure class=\"guten-element guten-video guten-A2vdb4\"><div class=\"guten-video-wrapper\" data-property=\"{&quot;url&quot;:&quot;https:\/\/vimeo.com\/1031292967&quot;,&quot;class&quot;:&quot;guten-video-background&quot;,&quot;width&quot;:&quot;100%&quot;,&quot;height&quot;:&quot;465px&quot;,&quot;controls&quot;:true,&quot;playsinline&quot;:true,&quot;style&quot;:{},&quot;config&quot;:{&quot;youtube&quot;:{&quot;playerVars&quot;:{}}}}\"><\/div><\/figure>\n<\/div>\n","protected":false},"excerpt":{"rendered":"<p>Soporte: Spots 100&#8243;, 60&#8243; , Radio, Lonas, Mupis, DOOH, acciones especiales, Digital. Descripci\u00f3n: Campa\u00f1a de comunicaci\u00f3n global del cambio de marca de Cepsa a Moeve. El cliente queria algo notorio, diferente y transgresor. Agencia: Publicis Espa\u00f1a Productora: Bambina Realizador: Gabe Iba\u00f1ez Fot\u00f3grafo: Pep \u00c1vila Plata Craft CdeC Bronce Craft CdeC 2 Short list El Sol Plata en Estrategia Integral de Marketing. Premios Nacionales de Marketing Bronce en Innovaci\u00f3n en la Propuesta de Valor. Premios Nacionales de Marketing Mejor spot premios Shot de Publicidad en cine por 014 Media Oro en estrategia integrada Best in auto de IPMark<\/p>\n","protected":false},"author":1,"featured_media":0,"parent":0,"menu_order":0,"comment_status":"closed","ping_status":"closed","template":"","meta":{"_uag_custom_page_level_css":"","footnotes":""},"class_list":["post-2155","page","type-page","status-publish","hentry"],"uagb_featured_image_src":{"full":false,"thumbnail":false,"medium":false,"medium_large":false,"large":false,"1536x1536":false,"2048x2048":false},"uagb_author_info":{"display_name":"jaimecampina","author_link":"https:\/\/jaimecampina.es\/inicio\/author\/jaimecampina\/"},"uagb_comment_info":0,"uagb_excerpt":"Soporte: Spots 100&#8243;, 60&#8243; , Radio, Lonas, Mupis, DOOH, acciones especiales, Digital. Descripci\u00f3n: Campa\u00f1a de comunicaci\u00f3n global del cambio de marca de Cepsa a Moeve. El cliente queria algo notorio, diferente y transgresor. Agencia: Publicis Espa\u00f1a Productora: Bambina Realizador: Gabe Iba\u00f1ez Fot\u00f3grafo: Pep \u00c1vila Plata Craft CdeC Bronce Craft CdeC 2 Short list El Sol&hellip;","_links":{"self":[{"href":"https:\/\/jaimecampina.es\/inicio\/wp-json\/wp\/v2\/pages\/2155","targetHints":{"allow":["GET"]}}],"collection":[{"href":"https:\/\/jaimecampina.es\/inicio\/wp-json\/wp\/v2\/pages"}],"about":[{"href":"https:\/\/jaimecampina.es\/inicio\/wp-json\/wp\/v2\/types\/page"}],"author":[{"embeddable":true,"href":"https:\/\/jaimecampina.es\/inicio\/wp-json\/wp\/v2\/users\/1"}],"replies":[{"embeddable":true,"href":"https:\/\/jaimecampina.es\/inicio\/wp-json\/wp\/v2\/comments?post=2155"}],"version-history":[{"count":135,"href":"https:\/\/jaimecampina.es\/inicio\/wp-json\/wp\/v2\/pages\/2155\/revisions"}],"predecessor-version":[{"id":8266,"href":"https:\/\/jaimecampina.es\/inicio\/wp-json\/wp\/v2\/pages\/2155\/revisions\/8266"}],"wp:attachment":[{"href":"https:\/\/jaimecampina.es\/inicio\/wp-json\/wp\/v2\/media?parent=2155"}],"curies":[{"name":"wp","href":"https:\/\/api.w.org\/{rel}","templated":true}]}}